{"id":5202,"date":"2020-01-29T18:58:05","date_gmt":"2020-01-29T18:58:05","guid":{"rendered":"https:\/\/www.parknfly.ca\/bcaa-members\/"},"modified":"2026-03-16T20:25:00","modified_gmt":"2026-03-16T20:25:00","slug":"membres-bcaa","status":"publish","type":"page","link":"https:\/\/parknfly.ca\/fr\/membres-bcaa\/","title":{"rendered":"Membres BCAA"},"content":{"rendered":"\t\t<div data-elementor-type=\"wp-page\" data-elementor-id=\"5202\" class=\"elementor elementor-5202 elementor-3858\" data-elementor-post-type=\"page\">\n\t\t\t\t\t\t<section class=\"elementor-section elementor-top-section elementor-element elementor-element-dfd3640 elementor-section-height-min-height elementor-section-items-top elementor-section-stretched elementor-section-boxed elementor-section-height-default\" data-id=\"dfd3640\" data-element_type=\"section\" data-settings=\"{&quot;background_background&quot;:&quot;classic&quot;,&quot;stretch_section&quot;:&quot;section-stretched&quot;}\">\n\t\t\t\t\t\t\t<div class=\"elementor-background-overlay\"><\/div>\n\t\t\t\t\t\t\t<div class=\"elementor-container elementor-column-gap-default\">\n\t\t\t\t\t<div class=\"elementor-column elementor-col-100 elementor-top-column elementor-element elementor-element-8a54f1b\" data-id=\"8a54f1b\" data-element_type=\"column\">\n\t\t\t<div class=\"elementor-widget-wrap elementor-element-populated\">\n\t\t\t\t\t\t<section class=\"elementor-section elementor-inner-section elementor-element elementor-element-47a76a2 elementor-section-full_width elementor-section-content-top elementor-section-height-default elementor-section-height-default\" data-id=\"47a76a2\" data-element_type=\"section\">\n\t\t\t\t\t\t<div class=\"elementor-container elementor-column-gap-default\">\n\t\t\t\t\t<div class=\"elementor-column elementor-col-50 elementor-inner-column elementor-element elementor-element-d347ec3\" data-id=\"d347ec3\" data-element_type=\"column\">\n\t\t\t<div class=\"elementor-widget-wrap elementor-element-populated\">\n\t\t\t\t\t\t<div class=\"elementor-element elementor-element-d46c628 elementor-widget elementor-widget-heading\" data-id=\"d46c628\" data-element_type=\"widget\" data-widget_type=\"heading.default\">\n\t\t\t\t<div class=\"elementor-widget-container\">\n\t\t\t<h1 class=\"elementor-heading-title elementor-size-default\">Membres BCAA r\u00e9servez et \u00e9conomisez 10% sur le stationnement d\u2019a\u00e9roport<\/h1>\t\t<\/div>\n\t\t\t\t<\/div>\n\t\t\t\t<div class=\"elementor-element elementor-element-febc79f elementor-widget elementor-widget-text-editor\" data-id=\"febc79f\" data-element_type=\"widget\" data-widget_type=\"text-editor.default\">\n\t\t\t\t<div class=\"elementor-widget-container\">\n\t\t\t\t\t\t\t<p>R\u00e9servez et \u00e9conomisez d\u00e8s aujourd\u2019hui<\/p>\t\t\t\t\t\t<\/div>\n\t\t\t\t<\/div>\n\t\t\t\t\t<\/div>\n\t\t<\/div>\n\t\t\t\t<div class=\"elementor-column elementor-col-50 elementor-inner-column elementor-element elementor-element-0d78924\" data-id=\"0d78924\" data-element_type=\"column\">\n\t\t\t<div class=\"elementor-widget-wrap\">\n\t\t\t\t\t\t\t<\/div>\n\t\t<\/div>\n\t\t\t\t\t<\/div>\n\t\t<\/section>\n\t\t\t\t\t<\/div>\n\t\t<\/div>\n\t\t\t\t\t<\/div>\n\t\t<\/section>\n\t\t\t\t<section class=\"elementor-section elementor-top-section elementor-element elementor-element-2a56a5f elementor-section-boxed elementor-section-height-default elementor-section-height-default\" data-id=\"2a56a5f\" data-element_type=\"section\" data-settings=\"{&quot;background_background&quot;:&quot;classic&quot;}\">\n\t\t\t\t\t\t<div class=\"elementor-container elementor-column-gap-default\">\n\t\t\t\t\t<div class=\"elementor-column elementor-col-100 elementor-top-column elementor-element elementor-element-7de1fbd\" data-id=\"7de1fbd\" data-element_type=\"column\">\n\t\t\t<div class=\"elementor-widget-wrap elementor-element-populated\">\n\t\t\t\t\t\t<section class=\"elementor-section elementor-inner-section elementor-element elementor-element-7e2a5e5 elementor-section-boxed elementor-section-height-default elementor-section-height-default\" data-id=\"7e2a5e5\" data-element_type=\"section\">\n\t\t\t\t\t\t<div class=\"elementor-container elementor-column-gap-default\">\n\t\t\t\t\t<div class=\"elementor-column elementor-col-50 elementor-inner-column elementor-element elementor-element-6bffead\" data-id=\"6bffead\" data-element_type=\"column\">\n\t\t\t<div class=\"elementor-widget-wrap elementor-element-populated\">\n\t\t\t\t\t\t<div class=\"elementor-element elementor-element-8efb2bc elementor-widget elementor-widget-text-editor\" data-id=\"8efb2bc\" data-element_type=\"widget\" data-widget_type=\"text-editor.default\">\n\t\t\t\t<div class=\"elementor-widget-container\">\n\t\t\t\t\t\t\t<p>Membres BCAA obtenez le meilleur tarif! R\u00e9servez votre stationnement d\u2019a\u00e9roport chez Park\u2019N Fly et entrez votre num\u00e9ro de membre BCAA afin d\u2019\u00e9conomiser 10% sur le tarif en ligne d\u00e9j\u00e0 r\u00e9duit. C\u2019est aussi facile!<\/p>\t\t\t\t\t\t<\/div>\n\t\t\t\t<\/div>\n\t\t\t\t<div class=\"elementor-element elementor-element-65017ae elementor-widget elementor-widget-heading\" data-id=\"65017ae\" data-element_type=\"widget\" data-widget_type=\"heading.default\">\n\t\t\t\t<div class=\"elementor-widget-container\">\n\t\t\t<h2 class=\"elementor-heading-title elementor-size-default\">Comment cela fonctionne<\/h2>\t\t<\/div>\n\t\t\t\t<\/div>\n\t\t\t\t<div class=\"elementor-element elementor-element-e869a7c elementor-widget elementor-widget-text-editor\" data-id=\"e869a7c\" data-element_type=\"widget\" data-widget_type=\"text-editor.default\">\n\t\t\t\t<div class=\"elementor-widget-container\">\n\t\t\t\t\t\t\t<ol><li>Entrez vos dates de voyage<\/li><li>Ajoutez votre num\u00e9ro de membre CAA dans le champ \u00ab Code rabais \u00bb<\/li><li>Scannez votre r\u00e9servation \u00e0 l\u2019enregistrement et b\u00e9n\u00e9ficiez d\u2019un rabais de 10% sur votre s\u00e9jour de stationnement d\u2019a\u00e9roport<\/li><\/ol><p>\u00c9conomisez davantage, prenez plus de vacances avec Park\u2019N Fly et BCAA.<\/p>\t\t\t\t\t\t<\/div>\n\t\t\t\t<\/div>\n\t\t\t\t<div class=\"elementor-element elementor-element-7e0e79a elementor-widget elementor-widget-button\" data-id=\"7e0e79a\" data-element_type=\"widget\" data-widget_type=\"button.default\">\n\t\t\t\t<div class=\"elementor-widget-container\">\n\t\t\t\t\t\t\t<div class=\"elementor-button-wrapper\">\n\t\t\t\t\t<a class=\"elementor-button elementor-button-link elementor-size-lg\" href=\"\/fr\">\n\t\t\t\t\t\t<span class=\"elementor-button-content-wrapper\">\n\t\t\t\t\t\t\t\t\t<span class=\"elementor-button-text\">R\u00e9servez maintenant<\/span>\n\t\t\t\t\t<\/span>\n\t\t\t\t\t<\/a>\n\t\t\t\t<\/div>\n\t\t\t\t\t\t<\/div>\n\t\t\t\t<\/div>\n\t\t\t\t<div class=\"elementor-element elementor-element-e82b511 elementor-widget elementor-widget-text-editor\" data-id=\"e82b511\" data-element_type=\"widget\" data-widget_type=\"text-editor.default\">\n\t\t\t\t<div class=\"elementor-widget-container\">\n\t\t\t\t\t\t\t<p>Pas de r\u00e9servation? Les membres CAA peuvent quand m\u00eame <strong>\u00c9CONOMISER 25% <\/strong>** sur le tarif r\u00e9gulier de la journ\u00e9e affich\u00e9 lorsqu\u2019ils pr\u00e9sentent leur carte de membre CAA au moment de payer.<\/p>\t\t\t\t\t\t<\/div>\n\t\t\t\t<\/div>\n\t\t\t\t\t<\/div>\n\t\t<\/div>\n\t\t\t\t<div class=\"elementor-column elementor-col-50 elementor-inner-column elementor-element elementor-element-2fd6217 elementor-hidden-tablet elementor-hidden-phone\" data-id=\"2fd6217\" data-element_type=\"column\">\n\t\t\t<div class=\"elementor-widget-wrap elementor-element-populated\">\n\t\t\t\t\t\t<div class=\"elementor-element elementor-element-9ee647f elementor-widget elementor-widget-image\" data-id=\"9ee647f\" data-element_type=\"widget\" data-widget_type=\"image.default\">\n\t\t\t\t<div class=\"elementor-widget-container\">\n\t\t\t\t\t\t\t\t\t\t\t\t\t<img fetchpriority=\"high\" decoding=\"async\" width=\"363\" height=\"139\" src=\"https:\/\/parknfly.ca\/wp-content\/uploads\/2022\/07\/index.png\" class=\"attachment-large size-large wp-image-17848\" alt=\"\" srcset=\"https:\/\/parknfly.ca\/wp-content\/uploads\/2022\/07\/index.png 363w, https:\/\/parknfly.ca\/wp-content\/uploads\/2022\/07\/index-300x115.png 300w\" sizes=\"(max-width: 363px) 100vw, 363px\" \/>\t\t\t\t\t\t\t\t\t\t\t\t\t<\/div>\n\t\t\t\t<\/div>\n\t\t\t\t\t<\/div>\n\t\t<\/div>\n\t\t\t\t\t<\/div>\n\t\t<\/section>\n\t\t\t\t<section class=\"elementor-section elementor-inner-section elementor-element elementor-element-33cf023 elementor-section-boxed elementor-section-height-default elementor-section-height-default\" data-id=\"33cf023\" data-element_type=\"section\">\n\t\t\t\t\t\t<div class=\"elementor-container elementor-column-gap-default\">\n\t\t\t\t\t<div class=\"elementor-column elementor-col-50 elementor-inner-column elementor-element elementor-element-5775960\" data-id=\"5775960\" data-element_type=\"column\">\n\t\t\t<div class=\"elementor-widget-wrap elementor-element-populated\">\n\t\t\t\t\t\t\t<\/div>\n\t\t<\/div>\n\t\t\t\t<div class=\"elementor-column elementor-col-50 elementor-inner-column elementor-element elementor-element-077da66 elementor-hidden-tablet elementor-hidden-phone\" data-id=\"077da66\" data-element_type=\"column\">\n\t\t\t<div class=\"elementor-widget-wrap\">\n\t\t\t\t\t\t\t<\/div>\n\t\t<\/div>\n\t\t\t\t\t<\/div>\n\t\t<\/section>\n\t\t\t\t\t<\/div>\n\t\t<\/div>\n\t\t\t\t\t<\/div>\n\t\t<\/section>\n\t\t\t\t<section class=\"elementor-section elementor-top-section elementor-element elementor-element-ff3c05f elementor-section-boxed elementor-section-height-default elementor-section-height-default\" data-id=\"ff3c05f\" data-element_type=\"section\" data-settings=\"{&quot;background_background&quot;:&quot;classic&quot;}\">\n\t\t\t\t\t\t<div class=\"elementor-container elementor-column-gap-default\">\n\t\t\t\t\t<div class=\"elementor-column elementor-col-100 elementor-top-column elementor-element elementor-element-9ab9e8e\" data-id=\"9ab9e8e\" data-element_type=\"column\">\n\t\t\t<div class=\"elementor-widget-wrap elementor-element-populated\">\n\t\t\t\t\t\t<div class=\"elementor-element elementor-element-5cf5787 elementor-widget-divider--view-line elementor-widget elementor-widget-divider\" data-id=\"5cf5787\" data-element_type=\"widget\" data-widget_type=\"divider.default\">\n\t\t\t\t<div class=\"elementor-widget-container\">\n\t\t\t\t\t<div class=\"elementor-divider\">\n\t\t\t<span class=\"elementor-divider-separator\">\n\t\t\t\t\t\t<\/span>\n\t\t<\/div>\n\t\t\t\t<\/div>\n\t\t\t\t<\/div>\n\t\t\t\t\t<\/div>\n\t\t<\/div>\n\t\t\t\t\t<\/div>\n\t\t<\/section>\n\t\t\t\t<section class=\"elementor-section elementor-top-section elementor-element elementor-element-1939ce8 elementor-section-boxed elementor-section-height-default elementor-section-height-default\" data-id=\"1939ce8\" data-element_type=\"section\" data-settings=\"{&quot;background_background&quot;:&quot;classic&quot;}\">\n\t\t\t\t\t\t<div class=\"elementor-container elementor-column-gap-default\">\n\t\t\t\t\t<div class=\"elementor-column elementor-col-50 elementor-top-column elementor-element elementor-element-258e79e\" data-id=\"258e79e\" data-element_type=\"column\">\n\t\t\t<div class=\"elementor-widget-wrap elementor-element-populated\">\n\t\t\t\t\t\t<div class=\"elementor-element elementor-element-a01a2c8 elementor-widget elementor-widget-text-editor\" data-id=\"a01a2c8\" data-element_type=\"widget\" data-widget_type=\"text-editor.default\">\n\t\t\t\t<div class=\"elementor-widget-container\">\n\t\t\t\t\t\t\t<p>*R\u00e9servation requise. 10% de rabais sur le tarif de l\u2019application ou du site Web applicable sur les r\u00e9servations lorsque le num\u00e9ro de membre CAA a \u00e9t\u00e9 saisi dans le champ de rabais de l\u2019application Park\u2019N Fly ou dans le champ de rabais du site Web parknfly.ca. **Une \u00e9conomie de 25% sur le tarif de la journ\u00e9e (le tarif r\u00e9gulier affich\u00e9) lorsque le membre CAA pr\u00e9sente sa carte de membre CAA au moment de payer et qu\u2019aucune r\u00e9servation n\u2019a \u00e9t\u00e9 effectu\u00e9e. L\u2019offre CAA ne peut \u00eatre combin\u00e9e \u00e0 toute autre offre ou rabais. Offre non applicable avec le programme de points A\u00e9roplan. Tous les tarifs et frais suppl\u00e9mentaires sont assujettis aux taxes applicables et aucune r\u00e9duction ne peut \u00eatre appliqu\u00e9e sur ces taxes. Consultez les emplacements Park\u2019N Fly pour plus de d\u00e9tails. L\u2019offre est sujette \u00e0 changement sans pr\u00e9avis. Des conditions peuvent s\u2019appliquer. Le rabais CAA non disponible aux emplacements Park\u2019N Fly de Montr\u00e9al. Doit \u00eatre un membre actif CAA en r\u00e8gle (cotisation d\u2019adh\u00e9sion \u00e0 la CAA pay\u00e9e en totalit\u00e9 avant la date d\u2019expiration de l\u2019adh\u00e9sion) Park\u2019N Fly est une marque de commerce d\u00e9pos\u00e9e de Park&#8217;N Fly Canada Inc. \u00a0<\/p>\t\t\t\t\t\t<\/div>\n\t\t\t\t<\/div>\n\t\t\t\t\t<\/div>\n\t\t<\/div>\n\t\t\t\t<div class=\"elementor-column elementor-col-50 elementor-top-column elementor-element elementor-element-ee3f122 elementor-hidden-tablet elementor-hidden-phone\" data-id=\"ee3f122\" data-element_type=\"column\">\n\t\t\t<div class=\"elementor-widget-wrap\">\n\t\t\t\t\t\t\t<\/div>\n\t\t<\/div>\n\t\t\t\t\t<\/div>\n\t\t<\/section>\n\t\t\t\t<\/div>\n\t\t","protected":false},"excerpt":{"rendered":"<p>Membres BCAA r\u00e9servez et \u00e9conomisez 10% sur le stationnement d\u2019a\u00e9roport R\u00e9servez et \u00e9conomisez d\u00e8s aujourd\u2019hui Membres BCAA obtenez le meilleur tarif! R\u00e9servez votre stationnement d\u2019a\u00e9roport chez Park\u2019N Fly et entrez votre num\u00e9ro de membre BCAA afin d\u2019\u00e9conomiser 10% sur le tarif en ligne d\u00e9j\u00e0 r\u00e9duit. C\u2019est aussi facile! Comment cela fonctionne Entrez vos dates de &hellip; <a href=\"https:\/\/parknfly.ca\/fr\/membres-bcaa\/\">Continuer<\/a><\/p>\n","protected":false},"author":4,"featured_media":0,"parent":0,"menu_order":0,"comment_status":"closed","ping_status":"closed","template":"","meta":{"_acf_changed":false,"_monsterinsights_skip_tracking":false,"_monsterinsights_sitenote_active":false,"_monsterinsights_sitenote_note":"","_monsterinsights_sitenote_category":0,"footnotes":""},"yst_prominent_words":[3711,38],"class_list":["post-5202","page","type-page","status-publish","hentry"],"acf":[],"_links":{"self":[{"href":"https:\/\/parknfly.ca\/fr\/wp-json\/wp\/v2\/pages\/5202","targetHints":{"allow":["GET"]}}],"collection":[{"href":"https:\/\/parknfly.ca\/fr\/wp-json\/wp\/v2\/pages"}],"about":[{"href":"https:\/\/parknfly.ca\/fr\/wp-json\/wp\/v2\/types\/page"}],"author":[{"embeddable":true,"href":"https:\/\/parknfly.ca\/fr\/wp-json\/wp\/v2\/users\/4"}],"replies":[{"embeddable":true,"href":"https:\/\/parknfly.ca\/fr\/wp-json\/wp\/v2\/comments?post=5202"}],"version-history":[{"count":58,"href":"https:\/\/parknfly.ca\/fr\/wp-json\/wp\/v2\/pages\/5202\/revisions"}],"predecessor-version":[{"id":27078,"href":"https:\/\/parknfly.ca\/fr\/wp-json\/wp\/v2\/pages\/5202\/revisions\/27078"}],"wp:attachment":[{"href":"https:\/\/parknfly.ca\/fr\/wp-json\/wp\/v2\/media?parent=5202"}],"wp:term":[{"taxonomy":"yst_prominent_words","embeddable":true,"href":"https:\/\/parknfly.ca\/fr\/wp-json\/wp\/v2\/yst_prominent_words?post=5202"}],"curies":[{"name":"wp","href":"https:\/\/api.w.org\/{rel}","templated":true}]}}