{"id":5045,"date":"2019-11-05T03:23:27","date_gmt":"2019-11-05T03:23:27","guid":{"rendered":"https:\/\/www.parknfly.ca\/soutien\/contact-us\/"},"modified":"2022-03-29T17:50:13","modified_gmt":"2022-03-29T17:50:13","slug":"nous-joindre","status":"publish","type":"page","link":"https:\/\/parknfly.ca\/fr\/soutien\/nous-joindre\/","title":{"rendered":"Nous joindre"},"content":{"rendered":"\t\t<div data-elementor-type=\"wp-post\" data-elementor-id=\"5045\" class=\"elementor elementor-5045 elementor-1687\" data-elementor-post-type=\"page\">\n\t\t\t\t\t\t<section class=\"elementor-section elementor-top-section elementor-element elementor-element-61cc6ed elementor-section-height-min-height elementor-section-items-top elementor-section-stretched elementor-section-boxed elementor-section-height-default\" data-id=\"61cc6ed\" data-element_type=\"section\" data-settings=\"{&quot;background_background&quot;:&quot;classic&quot;,&quot;stretch_section&quot;:&quot;section-stretched&quot;}\">\n\t\t\t\t\t\t\t<div class=\"elementor-background-overlay\"><\/div>\n\t\t\t\t\t\t\t<div class=\"elementor-container elementor-column-gap-default\">\n\t\t\t\t\t<div class=\"elementor-column elementor-col-100 elementor-top-column elementor-element elementor-element-d421429\" data-id=\"d421429\" data-element_type=\"column\">\n\t\t\t<div class=\"elementor-widget-wrap elementor-element-populated\">\n\t\t\t\t\t\t<section class=\"elementor-section elementor-inner-section elementor-element elementor-element-258c2d2 elementor-section-full_width elementor-section-content-top elementor-section-height-default elementor-section-height-default\" data-id=\"258c2d2\" data-element_type=\"section\">\n\t\t\t\t\t\t<div class=\"elementor-container elementor-column-gap-default\">\n\t\t\t\t\t<div class=\"elementor-column elementor-col-50 elementor-inner-column elementor-element elementor-element-5a959b5\" data-id=\"5a959b5\" data-element_type=\"column\">\n\t\t\t<div class=\"elementor-widget-wrap elementor-element-populated\">\n\t\t\t\t\t\t<div class=\"elementor-element elementor-element-6e17962 elementor-widget elementor-widget-heading\" data-id=\"6e17962\" data-element_type=\"widget\" data-widget_type=\"heading.default\">\n\t\t\t\t<div class=\"elementor-widget-container\">\n\t\t\t<h1 class=\"elementor-heading-title elementor-size-default\">Nous joindre<\/h1>\t\t<\/div>\n\t\t\t\t<\/div>\n\t\t\t\t<div class=\"elementor-element elementor-element-e299fda elementor-widget elementor-widget-text-editor\" data-id=\"e299fda\" data-element_type=\"widget\" data-widget_type=\"text-editor.default\">\n\t\t\t\t<div class=\"elementor-widget-container\">\n\t\t\t\t\t\t\tPour les demandes concernant le si\u00e8ge social et les R\u00e9compenses, contactez-nous \u00e0 l&#8217;une des adresses de courriel suivantes.\t\t\t\t\t\t<\/div>\n\t\t\t\t<\/div>\n\t\t\t\t\t<\/div>\n\t\t<\/div>\n\t\t\t\t<div class=\"elementor-column elementor-col-50 elementor-inner-column elementor-element elementor-element-3be01b6\" data-id=\"3be01b6\" data-element_type=\"column\">\n\t\t\t<div class=\"elementor-widget-wrap\">\n\t\t\t\t\t\t\t<\/div>\n\t\t<\/div>\n\t\t\t\t\t<\/div>\n\t\t<\/section>\n\t\t\t\t\t<\/div>\n\t\t<\/div>\n\t\t\t\t\t<\/div>\n\t\t<\/section>\n\t\t\t\t<section class=\"elementor-section elementor-top-section elementor-element elementor-element-1d67a56 page-sub-nav elementor-section-boxed elementor-section-height-default elementor-section-height-default\" data-id=\"1d67a56\" data-element_type=\"section\" data-settings=\"{&quot;background_background&quot;:&quot;classic&quot;}\">\n\t\t\t\t\t\t<div class=\"elementor-container elementor-column-gap-default\">\n\t\t\t\t\t<div class=\"elementor-column elementor-col-100 elementor-top-column elementor-element elementor-element-3773e75\" data-id=\"3773e75\" data-element_type=\"column\">\n\t\t\t<div class=\"elementor-widget-wrap elementor-element-populated\">\n\t\t\t\t\t\t<div class=\"elementor-element elementor-element-e2fe019 elementor-nav-menu__align-start no-underline elementor-nav-menu--dropdown-tablet elementor-nav-menu__text-align-aside elementor-widget elementor-widget-nav-menu\" data-id=\"e2fe019\" data-element_type=\"widget\" data-settings=\"{&quot;layout&quot;:&quot;horizontal&quot;,&quot;submenu_icon&quot;:{&quot;value&quot;:&quot;&lt;i class=\\&quot;fas fa-caret-down\\&quot;&gt;&lt;\\\/i&gt;&quot;,&quot;library&quot;:&quot;fa-solid&quot;}}\" data-widget_type=\"nav-menu.default\">\n\t\t\t\t<div class=\"elementor-widget-container\">\n\t\t\t\t\t\t<nav aria-label=\"Menu\" class=\"elementor-nav-menu--main elementor-nav-menu__container elementor-nav-menu--layout-horizontal e--pointer-underline e--animation-fade\">\n\t\t\t\t<ul id=\"menu-1-e2fe019\" class=\"elementor-nav-menu\"><li class=\"menu-item menu-item-type-post_type menu-item-object-page menu-item-7534\"><a href=\"https:\/\/parknfly.ca\/fr\/soutien\/emplacements-directions\/\" class=\"elementor-item\">Emplacements<\/a><\/li>\n<li class=\"menu-item menu-item-type-post_type menu-item-object-page menu-item-5053\"><a href=\"https:\/\/parknfly.ca\/fr\/soutien\/nous-joindre\/\" class=\"elementor-item\">Nous joindre<\/a><\/li>\n<li class=\"menu-item menu-item-type-post_type menu-item-object-page menu-item-17082\"><a href=\"https:\/\/parknfly.ca\/fr\/soutien\/\" class=\"elementor-item\">Soutien<\/a><\/li>\n<\/ul>\t\t\t<\/nav>\n\t\t\t\t\t\t<nav class=\"elementor-nav-menu--dropdown elementor-nav-menu__container\" aria-hidden=\"true\">\n\t\t\t\t<ul id=\"menu-2-e2fe019\" class=\"elementor-nav-menu\"><li class=\"menu-item menu-item-type-post_type menu-item-object-page menu-item-7534\"><a href=\"https:\/\/parknfly.ca\/fr\/soutien\/emplacements-directions\/\" class=\"elementor-item\" tabindex=\"-1\">Emplacements<\/a><\/li>\n<li class=\"menu-item menu-item-type-post_type menu-item-object-page menu-item-5053\"><a href=\"https:\/\/parknfly.ca\/fr\/soutien\/nous-joindre\/\" class=\"elementor-item\" tabindex=\"-1\">Nous joindre<\/a><\/li>\n<li class=\"menu-item menu-item-type-post_type menu-item-object-page menu-item-17082\"><a href=\"https:\/\/parknfly.ca\/fr\/soutien\/\" class=\"elementor-item\" tabindex=\"-1\">Soutien<\/a><\/li>\n<\/ul>\t\t\t<\/nav>\n\t\t\t\t<\/div>\n\t\t\t\t<\/div>\n\t\t\t\t\t<\/div>\n\t\t<\/div>\n\t\t\t\t\t<\/div>\n\t\t<\/section>\n\t\t\t\t<section class=\"elementor-section elementor-top-section elementor-element elementor-element-59f8180 elementor-section-boxed elementor-section-height-default elementor-section-height-default\" data-id=\"59f8180\" data-element_type=\"section\" data-settings=\"{&quot;background_background&quot;:&quot;classic&quot;}\">\n\t\t\t\t\t\t<div class=\"elementor-container elementor-column-gap-default\">\n\t\t\t\t\t<div class=\"elementor-column elementor-col-50 elementor-top-column elementor-element elementor-element-fab2f74\" data-id=\"fab2f74\" data-element_type=\"column\">\n\t\t\t<div class=\"elementor-widget-wrap elementor-element-populated\">\n\t\t\t\t\t\t<div class=\"elementor-element elementor-element-d6f4442 elementor-widget elementor-widget-heading\" data-id=\"d6f4442\" data-element_type=\"widget\" data-widget_type=\"heading.default\">\n\t\t\t\t<div class=\"elementor-widget-container\">\n\t\t\t<h3 class=\"elementor-heading-title elementor-size-default\">Demandes concernant les R\u00e9compenses Park\u2019N Fly<\/h3>\t\t<\/div>\n\t\t\t\t<\/div>\n\t\t\t\t<div class=\"elementor-element elementor-element-cef3eb0 elementor-widget elementor-widget-text-editor\" data-id=\"cef3eb0\" data-element_type=\"widget\" data-widget_type=\"text-editor.default\">\n\t\t\t\t<div class=\"elementor-widget-container\">\n\t\t\t\t\t\t\t<a class=\"blue-link\" href=\"mailto:loyalty@parknfly.ca?Subject=Park%27N%20Fly%20Rewards%20Inquiry&amp;Body=In%20order%20to%20respond%20to%20your%20request%20as%20quickly%20as%20possible%2C%20please%20be%20sure%20to%20provide%20us%20with%20the%20following%20information%3A%0A%20%0AName%3A%0APhone%20Number%3A%0AEmail%20%28if%20the%20email%20associated%20with%20your%20reward%20account%20is%20different%20than%20this%20one%29%3A%0A%20%0ALoyalty%20Program%3A%20%20%28Park%u2019N%20Fly%20Rewards%2C%20Aeroplan%2C%20CAA%29%0ALoyalty%20Program%20Account%20Number%3A%0A%20%0A%20%0A*Please%20be%20sure%20to%20attach%20a%20copy%20of%20your%20receipt%20to%20this%20email*%0A%20%0A%20%0ADescription%20of%20Issue%3A%20%20%0A%20%0A%20%0AWe%20will%20respond%20to%20your%20email%20within%202%20business%20days.%20Thank%20you%21%0A%20%0APark%u2019N%20Fly\">loyalty@parknfly.ca<\/a>\t\t\t\t\t\t<\/div>\n\t\t\t\t<\/div>\n\t\t\t\t<div class=\"elementor-element elementor-element-46516cc elementor-widget elementor-widget-heading\" data-id=\"46516cc\" data-element_type=\"widget\" data-widget_type=\"heading.default\">\n\t\t\t\t<div class=\"elementor-widget-container\">\n\t\t\t<h3 class=\"elementor-heading-title elementor-size-default\">Demandes concernant les voyages corporatifs<\/h3>\t\t<\/div>\n\t\t\t\t<\/div>\n\t\t\t\t<div class=\"elementor-element elementor-element-21465da elementor-widget elementor-widget-text-editor\" data-id=\"21465da\" data-element_type=\"widget\" data-widget_type=\"text-editor.default\">\n\t\t\t\t<div class=\"elementor-widget-container\">\n\t\t\t\t\t\t\t<a class=\"blue-link\" href=\"mailto:corporatesales@parknfly.ca?subject=Corporate%20Rate%20Program%20Inquiry\">corporatesales@parknfly.ca<\/a>\t\t\t\t\t\t<\/div>\n\t\t\t\t<\/div>\n\t\t\t\t\t<\/div>\n\t\t<\/div>\n\t\t\t\t<div class=\"elementor-column elementor-col-50 elementor-top-column elementor-element elementor-element-492fd24\" data-id=\"492fd24\" data-element_type=\"column\">\n\t\t\t<div class=\"elementor-widget-wrap elementor-element-populated\">\n\t\t\t\t\t\t<div class=\"elementor-element elementor-element-092c99f elementor-widget elementor-widget-heading\" data-id=\"092c99f\" data-element_type=\"widget\" data-widget_type=\"heading.default\">\n\t\t\t\t<div class=\"elementor-widget-container\">\n\t\t\t<h3 class=\"elementor-heading-title elementor-size-default\">Demandes des m\u00e9dias<\/h3>\t\t<\/div>\n\t\t\t\t<\/div>\n\t\t\t\t<div class=\"elementor-element elementor-element-89d4459 elementor-widget elementor-widget-text-editor\" data-id=\"89d4459\" data-element_type=\"widget\" data-widget_type=\"text-editor.default\">\n\t\t\t\t<div class=\"elementor-widget-container\">\n\t\t\t\t\t\t\t<p><a href=\"mailto:mediarelations@parknfly.ca\">mediarelations@parknfly.ca<\/a><\/p>\t\t\t\t\t\t<\/div>\n\t\t\t\t<\/div>\n\t\t\t\t<div class=\"elementor-element elementor-element-e47e1eb elementor-widget elementor-widget-heading\" data-id=\"e47e1eb\" data-element_type=\"widget\" data-widget_type=\"heading.default\">\n\t\t\t\t<div class=\"elementor-widget-container\">\n\t\t\t<h3 class=\"elementor-heading-title elementor-size-default\">Demandes des agents de voyages\/agences<\/h3>\t\t<\/div>\n\t\t\t\t<\/div>\n\t\t\t\t<div class=\"elementor-element elementor-element-7562d53 elementor-widget elementor-widget-text-editor\" data-id=\"7562d53\" data-element_type=\"widget\" data-widget_type=\"text-editor.default\">\n\t\t\t\t<div class=\"elementor-widget-container\">\n\t\t\t\t\t\t\t<a class=\"blue-link\" href=\"mailto:tasupport@parknfly.ca?subject=Travel%20Agent%20Inquiry\">tasupport@parknfly.ca<\/a>\t\t\t\t\t\t<\/div>\n\t\t\t\t<\/div>\n\t\t\t\t\t<\/div>\n\t\t<\/div>\n\t\t\t\t\t<\/div>\n\t\t<\/section>\n\t\t\t\t<section class=\"elementor-section elementor-top-section elementor-element elementor-element-45c3a15 elementor-section-boxed elementor-section-height-default elementor-section-height-default\" data-id=\"45c3a15\" data-element_type=\"section\">\n\t\t\t\t\t\t<div class=\"elementor-container elementor-column-gap-default\">\n\t\t\t\t\t<div class=\"elementor-column elementor-col-100 elementor-top-column elementor-element elementor-element-a2ff069\" data-id=\"a2ff069\" data-element_type=\"column\">\n\t\t\t<div class=\"elementor-widget-wrap elementor-element-populated\">\n\t\t\t\t\t\t<div class=\"elementor-element elementor-element-5d428e6 elementor-widget elementor-widget-text-editor\" data-id=\"5d428e6\" data-element_type=\"widget\" data-widget_type=\"text-editor.default\">\n\t\t\t\t<div class=\"elementor-widget-container\">\n\t\t\t\t\t\t\t<h3 contenteditable=\"true\" data-elementor-setting-key=\"title\" data-pen-placeholder=\"Type Here...\">Demandes du service client<\/h3>\t\t\t\t\t\t<\/div>\n\t\t\t\t<\/div>\n\t\t\t\t<div class=\"elementor-element elementor-element-acc2ada elementor-widget elementor-widget-text-editor\" data-id=\"acc2ada\" data-element_type=\"widget\" data-widget_type=\"text-editor.default\">\n\t\t\t\t<div class=\"elementor-widget-container\">\n\t\t\t\t\t\t\t<p><a href=\"https:\/\/www.parknfly.ca\/fr\/soutien\/emplacements-directions\/\">cliquez pour les coordonn\u00e9es<\/a><\/p>\t\t\t\t\t\t<\/div>\n\t\t\t\t<\/div>\n\t\t\t\t<section class=\"elementor-section elementor-inner-section elementor-element elementor-element-a9e153d elementor-hidden-tablet elementor-hidden-phone elementor-section-boxed elementor-section-height-default elementor-section-height-default\" data-id=\"a9e153d\" data-element_type=\"section\">\n\t\t\t\t\t\t<div class=\"elementor-container elementor-column-gap-default\">\n\t\t\t\t\t<div class=\"elementor-column elementor-col-33 elementor-inner-column elementor-element elementor-element-194ebca\" data-id=\"194ebca\" data-element_type=\"column\" data-settings=\"{&quot;background_background&quot;:&quot;classic&quot;}\">\n\t\t\t<div class=\"elementor-widget-wrap elementor-element-populated\">\n\t\t\t\t\t\t<div class=\"elementor-element elementor-element-7738e1f elementor-widget elementor-widget-text-editor\" data-id=\"7738e1f\" data-element_type=\"widget\" data-widget_type=\"text-editor.default\">\n\t\t\t\t<div class=\"elementor-widget-container\">\n\t\t\t\t\t\t\t<h3>Edmonton<\/h3><p><strong>Stationnement Edmonton Libre-service<\/strong><\/p><p><strong>T:<\/strong> <a href=\"tel:17809869500\">1 (780) 986 9500<\/a><br \/><strong>E:<\/strong> <a class=\"blue-link\" href=\"mailto:edmonton@parknfly.ca\">edmonton@parknfly.ca<\/a><\/p>\t\t\t\t\t\t<\/div>\n\t\t\t\t<\/div>\n\t\t\t\t\t<\/div>\n\t\t<\/div>\n\t\t\t\t<div class=\"elementor-column elementor-col-33 elementor-inner-column elementor-element elementor-element-0a654bf\" data-id=\"0a654bf\" data-element_type=\"column\" data-settings=\"{&quot;background_background&quot;:&quot;classic&quot;}\">\n\t\t\t<div class=\"elementor-widget-wrap elementor-element-populated\">\n\t\t\t\t\t\t<div class=\"elementor-element elementor-element-93b83dc elementor-widget elementor-widget-text-editor\" data-id=\"93b83dc\" data-element_type=\"widget\" data-widget_type=\"text-editor.default\">\n\t\t\t\t<div class=\"elementor-widget-container\">\n\t\t\t\t\t\t\t<h3>Halifax<\/h3><p><strong>Stationnement Halifax Libre-service<\/strong><\/p><p><strong>T:<\/strong> <a href=\"tel:19028734574\">1 (902) 873-4574<\/a><br \/><strong>E:<\/strong> <a class=\"blue-link\" href=\"mailto:halifax@parknfly.ca\">halifax@parknfly.ca<\/a><\/p>\t\t\t\t\t\t<\/div>\n\t\t\t\t<\/div>\n\t\t\t\t\t<\/div>\n\t\t<\/div>\n\t\t\t\t<div class=\"elementor-column elementor-col-33 elementor-inner-column elementor-element elementor-element-83617e5\" data-id=\"83617e5\" data-element_type=\"column\" data-settings=\"{&quot;background_background&quot;:&quot;classic&quot;}\">\n\t\t\t<div class=\"elementor-widget-wrap elementor-element-populated\">\n\t\t\t\t\t\t<div class=\"elementor-element elementor-element-12ffb7e elementor-widget elementor-widget-text-editor\" data-id=\"12ffb7e\" data-element_type=\"widget\" data-widget_type=\"text-editor.default\">\n\t\t\t\t<div class=\"elementor-widget-container\">\n\t\t\t\t\t\t\t<h3>Montr\u00e9al<\/h3><p><strong>Stationnement Montr\u00e9al Valet, Express A et Express B<\/strong><\/p><p><strong>T:<\/strong> <a href=\"tel:15146313359\">1 (514) 631-3359<\/a><br \/><strong>E:<\/strong> <a class=\"blue-link\" href=\"mailto:montreal@parknfly.ca\">montreal@parknfly.ca<\/a><\/p>\t\t\t\t\t\t<\/div>\n\t\t\t\t<\/div>\n\t\t\t\t\t<\/div>\n\t\t<\/div>\n\t\t\t\t\t<\/div>\n\t\t<\/section>\n\t\t\t\t<section class=\"elementor-section elementor-inner-section elementor-element elementor-element-df236e6 elementor-hidden-tablet elementor-hidden-phone elementor-section-boxed elementor-section-height-default elementor-section-height-default\" data-id=\"df236e6\" data-element_type=\"section\">\n\t\t\t\t\t\t<div class=\"elementor-container elementor-column-gap-default\">\n\t\t\t\t\t<div class=\"elementor-column elementor-col-33 elementor-inner-column elementor-element elementor-element-2bea141\" data-id=\"2bea141\" data-element_type=\"column\" data-settings=\"{&quot;background_background&quot;:&quot;classic&quot;}\">\n\t\t\t<div class=\"elementor-widget-wrap elementor-element-populated\">\n\t\t\t\t\t\t<div class=\"elementor-element elementor-element-1adb3e4 elementor-widget elementor-widget-text-editor\" data-id=\"1adb3e4\" data-element_type=\"widget\" data-widget_type=\"text-editor.default\">\n\t\t\t\t<div class=\"elementor-widget-container\">\n\t\t\t\t\t\t\t<h3>Ottawa<\/h3><p><strong>Stationnement Ottawa Libre-service<\/strong><\/p><p><strong>T:<\/strong> <a href=\"tel:16132471014\">1 (613) 247-1014<\/a><br \/><strong>E:<\/strong> <a class=\"blue-link\" href=\"mailto:ottawa@parknfly.ca\">ottawa@parknfly.ca<\/a><\/p>\t\t\t\t\t\t<\/div>\n\t\t\t\t<\/div>\n\t\t\t\t\t<\/div>\n\t\t<\/div>\n\t\t\t\t<div class=\"elementor-column elementor-col-33 elementor-inner-column elementor-element elementor-element-fa4bb9b\" data-id=\"fa4bb9b\" data-element_type=\"column\" data-settings=\"{&quot;background_background&quot;:&quot;classic&quot;}\">\n\t\t\t<div class=\"elementor-widget-wrap elementor-element-populated\">\n\t\t\t\t\t\t<div class=\"elementor-element elementor-element-02466e5 elementor-widget elementor-widget-text-editor\" data-id=\"02466e5\" data-element_type=\"widget\" data-widget_type=\"text-editor.default\">\n\t\t\t\t<div class=\"elementor-widget-container\">\n\t\t\t\t\t\t\t<h3>Toronto<\/h3><p><strong>Stationnement Toronto Valet, Libre-service et \u00c9conomique<\/strong><\/p><p><strong>T:<\/strong> <a href=\"tel:19056779143\">1 (905) 677-9143<\/a><br \/><strong>E:<\/strong> <a class=\"blue-link\" href=\"mailto:toronto@parknfly.ca\">toronto@parknfly.ca<\/a><\/p>\t\t\t\t\t\t<\/div>\n\t\t\t\t<\/div>\n\t\t\t\t\t<\/div>\n\t\t<\/div>\n\t\t\t\t<div class=\"elementor-column elementor-col-33 elementor-inner-column elementor-element elementor-element-3464d63\" data-id=\"3464d63\" data-element_type=\"column\" data-settings=\"{&quot;background_background&quot;:&quot;classic&quot;}\">\n\t\t\t<div class=\"elementor-widget-wrap elementor-element-populated\">\n\t\t\t\t\t\t<div class=\"elementor-element elementor-element-26ebf82 elementor-widget elementor-widget-text-editor\" data-id=\"26ebf82\" data-element_type=\"widget\" data-widget_type=\"text-editor.default\">\n\t\t\t\t<div class=\"elementor-widget-container\">\n\t\t\t\t\t\t\t<h3>Vancouver<\/h3><p><strong>Stationnement Vancouver Valet<\/strong><\/p><p><strong>T:<\/strong> <a href=\"tel:16042709476\">1 (604) 270-9476<\/a><br \/><strong>E:<\/strong> <a class=\"blue-link\" href=\"mailto:vancouver@parknfly.ca\"> vancouver@parknfly.ca <\/a><\/p>\t\t\t\t\t\t<\/div>\n\t\t\t\t<\/div>\n\t\t\t\t\t<\/div>\n\t\t<\/div>\n\t\t\t\t\t<\/div>\n\t\t<\/section>\n\t\t\t\t<section class=\"elementor-section elementor-inner-section elementor-element elementor-element-c3a7756 elementor-hidden-tablet elementor-hidden-phone elementor-section-boxed elementor-section-height-default elementor-section-height-default\" data-id=\"c3a7756\" data-element_type=\"section\">\n\t\t\t\t\t\t<div class=\"elementor-container elementor-column-gap-default\">\n\t\t\t\t\t<div class=\"elementor-column elementor-col-33 elementor-inner-column elementor-element elementor-element-48c5164\" data-id=\"48c5164\" data-element_type=\"column\" data-settings=\"{&quot;background_background&quot;:&quot;classic&quot;}\">\n\t\t\t<div class=\"elementor-widget-wrap elementor-element-populated\">\n\t\t\t\t\t\t<div class=\"elementor-element elementor-element-be94e1b elementor-widget elementor-widget-text-editor\" data-id=\"be94e1b\" data-element_type=\"widget\" data-widget_type=\"text-editor.default\">\n\t\t\t\t<div class=\"elementor-widget-container\">\n\t\t\t\t\t\t\t<h3>Winnipeg<\/h3><p><strong>Stationnement Int\u00e9rieur Valet Winnipeg et Libre-service<br \/><\/strong><\/p><p><strong>T:<\/strong> <a href=\"tel:12048087883\">1 (204) 808-7883<\/a><br \/><strong>E:<\/strong> <a href=\"mailto:winnipeg@parknfly.ca\">winnipeg@parknfly.ca<\/a><\/p>\t\t\t\t\t\t<\/div>\n\t\t\t\t<\/div>\n\t\t\t\t\t<\/div>\n\t\t<\/div>\n\t\t\t\t<div class=\"elementor-column elementor-col-33 elementor-inner-column elementor-element elementor-element-3b95842\" data-id=\"3b95842\" data-element_type=\"column\" data-settings=\"{&quot;background_background&quot;:&quot;classic&quot;}\">\n\t\t\t<div class=\"elementor-widget-wrap\">\n\t\t\t\t\t\t\t<\/div>\n\t\t<\/div>\n\t\t\t\t<div class=\"elementor-column elementor-col-33 elementor-inner-column elementor-element elementor-element-116ac24\" data-id=\"116ac24\" data-element_type=\"column\" data-settings=\"{&quot;background_background&quot;:&quot;classic&quot;}\">\n\t\t\t<div class=\"elementor-widget-wrap\">\n\t\t\t\t\t\t\t<\/div>\n\t\t<\/div>\n\t\t\t\t\t<\/div>\n\t\t<\/section>\n\t\t\t\t\t<\/div>\n\t\t<\/div>\n\t\t\t\t\t<\/div>\n\t\t<\/section>\n\t\t\t\t<\/div>\n\t\t","protected":false},"excerpt":{"rendered":"<p>Nous joindre Pour les demandes concernant le si\u00e8ge social et les R\u00e9compenses, contactez-nous \u00e0 l&#8217;une des adresses de courriel suivantes. Demandes concernant les R\u00e9compenses Park\u2019N Fly loyalty@parknfly.ca Demandes concernant les voyages corporatifs corporatesales@parknfly.ca Demandes des m\u00e9dias mediarelations@parknfly.ca Demandes des agents de voyages\/agences tasupport@parknfly.ca Demandes du service client cliquez pour les coordonn\u00e9es Edmonton Stationnement Edmonton Libre-service &hellip; <a href=\"https:\/\/parknfly.ca\/fr\/soutien\/nous-joindre\/\">Continuer<\/a><\/p>\n","protected":false},"author":4,"featured_media":0,"parent":5038,"menu_order":0,"comment_status":"closed","ping_status":"closed","template":"","meta":{"_acf_changed":false,"_monsterinsights_skip_tracking":false,"_monsterinsights_sitenote_active":false,"_monsterinsights_sitenote_note":"","_monsterinsights_sitenote_category":0,"footnotes":""},"yst_prominent_words":[1829,3130,3144,3116,3110,3137,48,3123,632,38,3011,284,133,340],"class_list":["post-5045","page","type-page","status-publish","hentry"],"acf":[],"_links":{"self":[{"href":"https:\/\/parknfly.ca\/fr\/wp-json\/wp\/v2\/pages\/5045","targetHints":{"allow":["GET"]}}],"collection":[{"href":"https:\/\/parknfly.ca\/fr\/wp-json\/wp\/v2\/pages"}],"about":[{"href":"https:\/\/parknfly.ca\/fr\/wp-json\/wp\/v2\/types\/page"}],"author":[{"embeddable":true,"href":"https:\/\/parknfly.ca\/fr\/wp-json\/wp\/v2\/users\/4"}],"replies":[{"embeddable":true,"href":"https:\/\/parknfly.ca\/fr\/wp-json\/wp\/v2\/comments?post=5045"}],"version-history":[{"count":42,"href":"https:\/\/parknfly.ca\/fr\/wp-json\/wp\/v2\/pages\/5045\/revisions"}],"predecessor-version":[{"id":17080,"href":"https:\/\/parknfly.ca\/fr\/wp-json\/wp\/v2\/pages\/5045\/revisions\/17080"}],"up":[{"embeddable":true,"href":"https:\/\/parknfly.ca\/fr\/wp-json\/wp\/v2\/pages\/5038"}],"wp:attachment":[{"href":"https:\/\/parknfly.ca\/fr\/wp-json\/wp\/v2\/media?parent=5045"}],"wp:term":[{"taxonomy":"yst_prominent_words","embeddable":true,"href":"https:\/\/parknfly.ca\/fr\/wp-json\/wp\/v2\/yst_prominent_words?post=5045"}],"curies":[{"name":"wp","href":"https:\/\/api.w.org\/{rel}","templated":true}]}}