{"id":4627,"date":"2020-01-27T23:20:32","date_gmt":"2020-01-27T23:20:32","guid":{"rendered":"https:\/\/www.parknfly.ca\/aeroplan\/"},"modified":"2025-07-25T20:08:20","modified_gmt":"2025-07-25T20:08:20","slug":"aeroplan","status":"publish","type":"page","link":"https:\/\/parknfly.ca\/fr\/aeroplan\/","title":{"rendered":"Aeroplan"},"content":{"rendered":"\t\t<div data-elementor-type=\"wp-page\" data-elementor-id=\"4627\" class=\"elementor elementor-4627 elementor-3722\" data-elementor-post-type=\"page\">\n\t\t\t\t\t\t<section class=\"elementor-section elementor-top-section elementor-element elementor-element-43b7def elementor-section-height-min-height elementor-section-items-top elementor-section-stretched elementor-section-boxed elementor-section-height-default\" data-id=\"43b7def\" data-element_type=\"section\" data-settings=\"{&quot;background_background&quot;:&quot;classic&quot;,&quot;stretch_section&quot;:&quot;section-stretched&quot;}\">\n\t\t\t\t\t\t\t<div class=\"elementor-background-overlay\"><\/div>\n\t\t\t\t\t\t\t<div class=\"elementor-container elementor-column-gap-default\">\n\t\t\t\t\t<div class=\"elementor-column elementor-col-100 elementor-top-column elementor-element elementor-element-c9c5d56\" data-id=\"c9c5d56\" data-element_type=\"column\">\n\t\t\t<div class=\"elementor-widget-wrap elementor-element-populated\">\n\t\t\t\t\t\t<section class=\"elementor-section elementor-inner-section elementor-element elementor-element-3df09d6 elementor-section-full_width elementor-section-content-top elementor-section-height-default elementor-section-height-default\" data-id=\"3df09d6\" data-element_type=\"section\">\n\t\t\t\t\t\t<div class=\"elementor-container elementor-column-gap-default\">\n\t\t\t\t\t<div class=\"elementor-column elementor-col-50 elementor-inner-column elementor-element elementor-element-7dfcc11\" data-id=\"7dfcc11\" data-element_type=\"column\">\n\t\t\t<div class=\"elementor-widget-wrap elementor-element-populated\">\n\t\t\t\t\t\t<div class=\"elementor-element elementor-element-bb8d133 elementor-widget elementor-widget-image\" data-id=\"bb8d133\" data-element_type=\"widget\" data-widget_type=\"image.default\">\n\t\t\t\t<div class=\"elementor-widget-container\">\n\t\t\t\t\t\t\t\t\t\t\t\t\t<img fetchpriority=\"high\" decoding=\"async\" width=\"430\" height=\"205\" src=\"https:\/\/parknfly.ca\/wp-content\/uploads\/2020\/01\/Aeroplan.png\" class=\"attachment-full size-full wp-image-6632\" alt=\"\" srcset=\"https:\/\/parknfly.ca\/wp-content\/uploads\/2020\/01\/Aeroplan.png 430w, https:\/\/parknfly.ca\/wp-content\/uploads\/2020\/01\/Aeroplan-300x143.png 300w\" sizes=\"(max-width: 430px) 100vw, 430px\" \/>\t\t\t\t\t\t\t\t\t\t\t\t\t<\/div>\n\t\t\t\t<\/div>\n\t\t\t\t\t<\/div>\n\t\t<\/div>\n\t\t\t\t<div class=\"elementor-column elementor-col-50 elementor-inner-column elementor-element elementor-element-d57146f\" data-id=\"d57146f\" data-element_type=\"column\">\n\t\t\t<div class=\"elementor-widget-wrap\">\n\t\t\t\t\t\t\t<\/div>\n\t\t<\/div>\n\t\t\t\t\t<\/div>\n\t\t<\/section>\n\t\t\t\t<section class=\"elementor-section elementor-inner-section elementor-element elementor-element-3630729 elementor-section-full_width elementor-section-content-top elementor-section-height-default elementor-section-height-default\" data-id=\"3630729\" data-element_type=\"section\">\n\t\t\t\t\t\t<div class=\"elementor-container elementor-column-gap-default\">\n\t\t\t\t\t<div class=\"elementor-column elementor-col-50 elementor-inner-column elementor-element elementor-element-5ce9605\" data-id=\"5ce9605\" data-element_type=\"column\">\n\t\t\t<div class=\"elementor-widget-wrap elementor-element-populated\">\n\t\t\t\t\t\t<div class=\"elementor-element elementor-element-5798282 elementor-widget elementor-widget-heading\" data-id=\"5798282\" data-element_type=\"widget\" data-widget_type=\"heading.default\">\n\t\t\t\t<div class=\"elementor-widget-container\">\n\t\t\t<h1 class=\"elementor-heading-title elementor-size-default\">Obtenez des points A\u00e9roplan chez Park\u2019N Fly<\/h1>\t\t<\/div>\n\t\t\t\t<\/div>\n\t\t\t\t\t<\/div>\n\t\t<\/div>\n\t\t\t\t<div class=\"elementor-column elementor-col-50 elementor-inner-column elementor-element elementor-element-68c3b84 elementor-hidden-tablet elementor-hidden-phone\" data-id=\"68c3b84\" data-element_type=\"column\">\n\t\t\t<div class=\"elementor-widget-wrap\">\n\t\t\t\t\t\t\t<\/div>\n\t\t<\/div>\n\t\t\t\t\t<\/div>\n\t\t<\/section>\n\t\t\t\t\t<\/div>\n\t\t<\/div>\n\t\t\t\t\t<\/div>\n\t\t<\/section>\n\t\t\t\t<section class=\"elementor-section elementor-top-section elementor-element elementor-element-2a56a5f elementor-section-boxed elementor-section-height-default elementor-section-height-default\" data-id=\"2a56a5f\" data-element_type=\"section\" data-settings=\"{&quot;background_background&quot;:&quot;classic&quot;}\">\n\t\t\t\t\t\t<div class=\"elementor-container elementor-column-gap-default\">\n\t\t\t\t\t<div class=\"elementor-column elementor-col-100 elementor-top-column elementor-element elementor-element-7de1fbd\" data-id=\"7de1fbd\" data-element_type=\"column\">\n\t\t\t<div class=\"elementor-widget-wrap elementor-element-populated\">\n\t\t\t\t\t\t<section class=\"elementor-section elementor-inner-section elementor-element elementor-element-7e2a5e5 elementor-section-boxed elementor-section-height-default elementor-section-height-default\" data-id=\"7e2a5e5\" data-element_type=\"section\">\n\t\t\t\t\t\t<div class=\"elementor-container elementor-column-gap-default\">\n\t\t\t\t\t<div class=\"elementor-column elementor-col-50 elementor-inner-column elementor-element elementor-element-6bffead\" data-id=\"6bffead\" data-element_type=\"column\">\n\t\t\t<div class=\"elementor-widget-wrap elementor-element-populated\">\n\t\t\t\t\t\t<div class=\"elementor-element elementor-element-e869a7c elementor-widget elementor-widget-text-editor\" data-id=\"e869a7c\" data-element_type=\"widget\" data-widget_type=\"text-editor.default\">\n\t\t\t\t<div class=\"elementor-widget-container\">\n\t\t\t\t\t\t\t<p>R\u00e9compensez-vous\u2009! Accumulez de pr\u00e9cieux points A\u00e9roplan dans les emplacements Park\u2019N Fly participants* en ajoutant votre num\u00e9ro de membre A\u00e9roplan \u00e0 votre prochaine r\u00e9servation Park\u2019N Fly ou pr\u00e9sentez votre carte A\u00e9roplan au moment du paiement.<\/p><ul><li><p>Accumulez 100 points A\u00e9roplan \u00e0 chaque s\u00e9jour de stationnement aux emplacements valet de Park\u2019N Fly de Toronto, Winnipeg et Vancouver.<\/p><\/li><li><p>Accumulez 50 points A\u00e9roplan \u00e0 chaque s\u00e9jour de stationnement admissible aux emplacements Libre-service de Park\u2019N Fly d\u2019Edmonton, Winnipeg, Ottawa, Toronto et Halifax.<\/p><\/li><\/ul>\t\t\t\t\t\t<\/div>\n\t\t\t\t<\/div>\n\t\t\t\t\t<\/div>\n\t\t<\/div>\n\t\t\t\t<div class=\"elementor-column elementor-col-50 elementor-inner-column elementor-element elementor-element-2fd6217 elementor-hidden-tablet elementor-hidden-phone\" data-id=\"2fd6217\" data-element_type=\"column\">\n\t\t\t<div class=\"elementor-widget-wrap\">\n\t\t\t\t\t\t\t<\/div>\n\t\t<\/div>\n\t\t\t\t\t<\/div>\n\t\t<\/section>\n\t\t\t\t\t<\/div>\n\t\t<\/div>\n\t\t\t\t\t<\/div>\n\t\t<\/section>\n\t\t\t\t<section class=\"elementor-section elementor-top-section elementor-element elementor-element-6a9d5d2 elementor-section-boxed elementor-section-height-default elementor-section-height-default\" data-id=\"6a9d5d2\" data-element_type=\"section\" data-settings=\"{&quot;background_background&quot;:&quot;classic&quot;}\">\n\t\t\t\t\t\t<div class=\"elementor-container elementor-column-gap-default\">\n\t\t\t\t\t<div class=\"elementor-column elementor-col-100 elementor-top-column elementor-element elementor-element-68da4d8\" data-id=\"68da4d8\" data-element_type=\"column\">\n\t\t\t<div class=\"elementor-widget-wrap elementor-element-populated\">\n\t\t\t\t\t\t<section class=\"elementor-section elementor-inner-section elementor-element elementor-element-6537eec elementor-section-boxed elementor-section-height-default elementor-section-height-default\" data-id=\"6537eec\" data-element_type=\"section\">\n\t\t\t\t\t\t<div class=\"elementor-container elementor-column-gap-default\">\n\t\t\t\t\t<div class=\"elementor-column elementor-col-50 elementor-inner-column elementor-element elementor-element-f5dae1f\" data-id=\"f5dae1f\" data-element_type=\"column\">\n\t\t\t<div class=\"elementor-widget-wrap elementor-element-populated\">\n\t\t\t\t\t\t<div class=\"elementor-element elementor-element-19afbd1 elementor-widget elementor-widget-heading\" data-id=\"19afbd1\" data-element_type=\"widget\" data-widget_type=\"heading.default\">\n\t\t\t\t<div class=\"elementor-widget-container\">\n\t\t\t<h3 class=\"elementor-heading-title elementor-size-default\">Membre+ du programme Park\u2019N Fly Rewards : Accumulez encore plus\u2009!<sup>+<\/sup><\/h3>\t\t<\/div>\n\t\t\t\t<\/div>\n\t\t\t\t<div class=\"elementor-element elementor-element-889714c elementor-widget elementor-widget-text-editor\" data-id=\"889714c\" data-element_type=\"widget\" data-widget_type=\"text-editor.default\">\n\t\t\t\t<div class=\"elementor-widget-container\">\n\t\t\t\t\t\t\t<p>Membre du programme Park\u2019N Fly Rewards \u2013 plus vous s\u00e9journez longtemps, plus vous pouvez accumuler\u2009! Accumulez encore plus de pr\u00e9cieux points A\u00e9roplan en enregistrant simplement votre num\u00e9ro de membre A\u00e9roplan dans votre profil Park&#8217;N Fly Rewards pour obtenir automatiquement encore plus de points A\u00e9roplan \u00e0 chaque s\u00e9jour admissible.<\/p><ul><li><p>Les membres Or avec 3 \u00e0 7 s\u00e9jours de stationnement au cours de chaque ann\u00e9e civile accumuleront 150 points A\u00e9roplan pour chaque s\u00e9jour admissible au stationnement Valet, et pour chaque s\u00e9jour admissible au Libre-service, les membres Or obtiendront 75 points A\u00e9roplan.<\/p><\/li><li><p>Les membres Platine avec 8 s\u00e9jours de stationnement ou plus au cours de chaque ann\u00e9e civile accumuleront 175 points A\u00e9roplan pour chaque s\u00e9jour admissible au stationnement Valet, et pour chaque s\u00e9jour admissible au stationnement Libre-service, les membres Platine obtiendront 100 points A\u00e9roplan.<\/p><\/li><\/ul><p><a href=\"https:\/\/www.parknfly.ca\/fr\/recompenses\/\">Apprenez-en davantage et inscrivez-vous<\/a><\/p>\t\t\t\t\t\t<\/div>\n\t\t\t\t<\/div>\n\t\t\t\t\t<\/div>\n\t\t<\/div>\n\t\t\t\t<div class=\"elementor-column elementor-col-50 elementor-inner-column elementor-element elementor-element-f5b61ec elementor-hidden-tablet elementor-hidden-phone\" data-id=\"f5b61ec\" data-element_type=\"column\">\n\t\t\t<div class=\"elementor-widget-wrap\">\n\t\t\t\t\t\t\t<\/div>\n\t\t<\/div>\n\t\t\t\t\t<\/div>\n\t\t<\/section>\n\t\t\t\t\t<\/div>\n\t\t<\/div>\n\t\t\t\t\t<\/div>\n\t\t<\/section>\n\t\t\t\t<section class=\"elementor-section elementor-top-section elementor-element elementor-element-630582b elementor-section-boxed elementor-section-height-default elementor-section-height-default\" data-id=\"630582b\" data-element_type=\"section\" data-settings=\"{&quot;background_background&quot;:&quot;classic&quot;}\">\n\t\t\t\t\t\t<div class=\"elementor-container elementor-column-gap-default\">\n\t\t\t\t\t<div class=\"elementor-column elementor-col-100 elementor-top-column elementor-element elementor-element-462aeb3\" data-id=\"462aeb3\" data-element_type=\"column\">\n\t\t\t<div class=\"elementor-widget-wrap elementor-element-populated\">\n\t\t\t\t\t\t<div class=\"elementor-element elementor-element-4fc84cd elementor-widget-divider--view-line elementor-widget elementor-widget-divider\" data-id=\"4fc84cd\" data-element_type=\"widget\" data-widget_type=\"divider.default\">\n\t\t\t\t<div class=\"elementor-widget-container\">\n\t\t\t\t\t<div class=\"elementor-divider\">\n\t\t\t<span class=\"elementor-divider-separator\">\n\t\t\t\t\t\t<\/span>\n\t\t<\/div>\n\t\t\t\t<\/div>\n\t\t\t\t<\/div>\n\t\t\t\t\t<\/div>\n\t\t<\/div>\n\t\t\t\t\t<\/div>\n\t\t<\/section>\n\t\t\t\t<section class=\"elementor-section elementor-top-section elementor-element elementor-element-9a0b726 elementor-section-boxed elementor-section-height-default elementor-section-height-default\" data-id=\"9a0b726\" data-element_type=\"section\" data-settings=\"{&quot;background_background&quot;:&quot;classic&quot;}\">\n\t\t\t\t\t\t<div class=\"elementor-container elementor-column-gap-default\">\n\t\t\t\t\t<div class=\"elementor-column elementor-col-50 elementor-top-column elementor-element elementor-element-d6480b5\" data-id=\"d6480b5\" data-element_type=\"column\">\n\t\t\t<div class=\"elementor-widget-wrap elementor-element-populated\">\n\t\t\t\t\t\t<div class=\"elementor-element elementor-element-33757af elementor-widget elementor-widget-text-editor\" data-id=\"33757af\" data-element_type=\"widget\" data-widget_type=\"text-editor.default\">\n\t\t\t\t<div class=\"elementor-widget-container\">\n\t\t\t\t\t\t\t<p><strong>Termes et conditions<\/strong><\/p><p>+ Les membres A\u00e9roplan qui adh\u00e8rent au programme Park&#8217;N Fly Rewards doivent avoir leur num\u00e9ro A\u00e9roplan li\u00e9 \u00e0 leur profil Park&#8217;N Fly Rewards pour pouvoir accumuler les points A\u00e9roplan de base ou les points A\u00e9roplan suppl\u00e9mentaires. Le nombre de points accumul\u00e9s d\u00e9pendra du niveau de statut Park\u2019N Fly Rewards actuel. Des conditions s\u2019appliquent.<\/p><p>L\u2019emplacement de Montr\u00e9al n\u2019accorde pas de points A\u00e9roplan. L\u2019emplacement d\u2019Halifax n\u2019offre pas le programme Park\u2019N Fly Rewards.<\/p><p>Aeroplan\u00ae et le logo Aeroplan sont des marques de commerce d\u00e9pos\u00e9es d\u2019Aeroplan Inc.<\/p>\t\t\t\t\t\t<\/div>\n\t\t\t\t<\/div>\n\t\t\t\t\t<\/div>\n\t\t<\/div>\n\t\t\t\t<div class=\"elementor-column elementor-col-50 elementor-top-column elementor-element elementor-element-4b18335 elementor-hidden-tablet elementor-hidden-phone\" data-id=\"4b18335\" data-element_type=\"column\">\n\t\t\t<div class=\"elementor-widget-wrap\">\n\t\t\t\t\t\t\t<\/div>\n\t\t<\/div>\n\t\t\t\t\t<\/div>\n\t\t<\/section>\n\t\t\t\t<\/div>\n\t\t","protected":false},"excerpt":{"rendered":"<p>Obtenez des points A\u00e9roplan chez Park\u2019N Fly R\u00e9compensez-vous\u2009! Accumulez de pr\u00e9cieux points A\u00e9roplan dans les emplacements Park\u2019N Fly participants* en ajoutant votre num\u00e9ro de membre A\u00e9roplan \u00e0 votre prochaine r\u00e9servation Park\u2019N Fly ou pr\u00e9sentez votre carte A\u00e9roplan au moment du paiement. Accumulez 100 points A\u00e9roplan \u00e0 chaque s\u00e9jour de stationnement aux emplacements valet de Park\u2019N &hellip; <a href=\"https:\/\/parknfly.ca\/fr\/aeroplan\/\">Continuer<\/a><\/p>\n","protected":false},"author":4,"featured_media":0,"parent":0,"menu_order":0,"comment_status":"closed","ping_status":"closed","template":"","meta":{"_acf_changed":false,"_monsterinsights_skip_tracking":false,"_monsterinsights_sitenote_active":false,"_monsterinsights_sitenote_note":"","_monsterinsights_sitenote_category":0,"footnotes":""},"yst_prominent_words":[310],"class_list":["post-4627","page","type-page","status-publish","hentry"],"acf":[],"_links":{"self":[{"href":"https:\/\/parknfly.ca\/fr\/wp-json\/wp\/v2\/pages\/4627","targetHints":{"allow":["GET"]}}],"collection":[{"href":"https:\/\/parknfly.ca\/fr\/wp-json\/wp\/v2\/pages"}],"about":[{"href":"https:\/\/parknfly.ca\/fr\/wp-json\/wp\/v2\/types\/page"}],"author":[{"embeddable":true,"href":"https:\/\/parknfly.ca\/fr\/wp-json\/wp\/v2\/users\/4"}],"replies":[{"embeddable":true,"href":"https:\/\/parknfly.ca\/fr\/wp-json\/wp\/v2\/comments?post=4627"}],"version-history":[{"count":29,"href":"https:\/\/parknfly.ca\/fr\/wp-json\/wp\/v2\/pages\/4627\/revisions"}],"predecessor-version":[{"id":25556,"href":"https:\/\/parknfly.ca\/fr\/wp-json\/wp\/v2\/pages\/4627\/revisions\/25556"}],"wp:attachment":[{"href":"https:\/\/parknfly.ca\/fr\/wp-json\/wp\/v2\/media?parent=4627"}],"wp:term":[{"taxonomy":"yst_prominent_words","embeddable":true,"href":"https:\/\/parknfly.ca\/fr\/wp-json\/wp\/v2\/yst_prominent_words?post=4627"}],"curies":[{"name":"wp","href":"https:\/\/api.w.org\/{rel}","templated":true}]}}