{"id":25846,"date":"2025-09-05T14:01:47","date_gmt":"2025-09-05T14:01:47","guid":{"rendered":"https:\/\/admin.parknfly.ca\/?page_id=25846"},"modified":"2025-09-15T15:16:39","modified_gmt":"2025-09-15T15:16:39","slug":"parkngagner","status":"publish","type":"page","link":"https:\/\/parknfly.ca\/fr\/parkngagner\/","title":{"rendered":"50th Surprise and Delight FR"},"content":{"rendered":"\t\t<div data-elementor-type=\"wp-page\" data-elementor-id=\"25846\" class=\"elementor elementor-25846 elementor-25811\" data-elementor-post-type=\"page\">\n\t\t\t\t\t\t<section class=\"elementor-section elementor-top-section elementor-element elementor-element-654a8d5 elementor-section-height-min-height elementor-section-items-bottom sub-banner elementor-section-boxed elementor-section-height-default\" data-id=\"654a8d5\" data-element_type=\"section\" data-settings=\"{&quot;background_background&quot;:&quot;classic&quot;,&quot;background_motion_fx_motion_fx_scrolling&quot;:&quot;yes&quot;,&quot;background_motion_fx_translateY_effect&quot;:&quot;yes&quot;,&quot;background_motion_fx_translateY_direction&quot;:&quot;negative&quot;,&quot;background_motion_fx_translateY_speed&quot;:{&quot;unit&quot;:&quot;px&quot;,&quot;size&quot;:2.1,&quot;sizes&quot;:[]},&quot;background_motion_fx_translateY_affectedRange&quot;:{&quot;unit&quot;:&quot;%&quot;,&quot;size&quot;:&quot;&quot;,&quot;sizes&quot;:{&quot;start&quot;:0,&quot;end&quot;:100}},&quot;background_motion_fx_devices&quot;:[&quot;desktop&quot;,&quot;tablet&quot;,&quot;mobile&quot;]}\">\n\t\t\t\t\t\t\t<div class=\"elementor-background-overlay\"><\/div>\n\t\t\t\t\t\t\t<div class=\"elementor-container elementor-column-gap-default\">\n\t\t\t\t\t<div class=\"elementor-column elementor-col-100 elementor-top-column elementor-element elementor-element-1e74401\" data-id=\"1e74401\" data-element_type=\"column\">\n\t\t\t<div class=\"elementor-widget-wrap elementor-element-populated\">\n\t\t\t\t\t\t<section class=\"elementor-section elementor-inner-section elementor-element elementor-element-45dc147 elementor-section-full_width elementor-section-height-default elementor-section-height-default\" data-id=\"45dc147\" data-element_type=\"section\">\n\t\t\t\t\t\t<div class=\"elementor-container elementor-column-gap-default\">\n\t\t\t\t\t<div class=\"elementor-column elementor-col-100 elementor-inner-column elementor-element elementor-element-5cb282f\" data-id=\"5cb282f\" data-element_type=\"column\">\n\t\t\t<div class=\"elementor-widget-wrap\">\n\t\t\t\t\t\t\t<\/div>\n\t\t<\/div>\n\t\t\t\t\t<\/div>\n\t\t<\/section>\n\t\t\t\t\t<\/div>\n\t\t<\/div>\n\t\t\t\t\t<\/div>\n\t\t<\/section>\n\t\t\t\t<section class=\"elementor-section elementor-top-section elementor-element elementor-element-d13beb7 elementor-section-boxed elementor-section-height-default elementor-section-height-default\" data-id=\"d13beb7\" data-element_type=\"section\">\n\t\t\t\t\t\t<div class=\"elementor-container elementor-column-gap-default\">\n\t\t\t\t\t<div class=\"elementor-column elementor-col-100 elementor-top-column elementor-element elementor-element-439e540\" data-id=\"439e540\" data-element_type=\"column\">\n\t\t\t<div class=\"elementor-widget-wrap elementor-element-populated\">\n\t\t\t\t\t\t\t<\/div>\n\t\t<\/div>\n\t\t\t\t\t<\/div>\n\t\t<\/section>\n\t\t\t\t<section class=\"elementor-section elementor-top-section elementor-element elementor-element-4e26e75 elementor-section-boxed elementor-section-height-default elementor-section-height-default\" data-id=\"4e26e75\" data-element_type=\"section\">\n\t\t\t\t\t\t<div class=\"elementor-container elementor-column-gap-default\">\n\t\t\t\t\t<div class=\"elementor-column elementor-col-100 elementor-top-column elementor-element elementor-element-b211d52\" data-id=\"b211d52\" data-element_type=\"column\">\n\t\t\t<div class=\"elementor-widget-wrap elementor-element-populated\">\n\t\t\t\t\t\t<div class=\"elementor-element elementor-element-b1cd262 elementor-widget elementor-widget-heading\" data-id=\"b1cd262\" data-element_type=\"widget\" data-widget_type=\"heading.default\">\n\t\t\t\t<div class=\"elementor-widget-container\">\n\t\t\t<h1 class=\"elementor-heading-title elementor-size-default\">C\u00e9l\u00e9bration des 50 ans de Park\u2019N Fly <br> avec 2 fa\u00e7ons de gagner!<\/h1>\t\t<\/div>\n\t\t\t\t<\/div>\n\t\t\t\t\t<\/div>\n\t\t<\/div>\n\t\t\t\t\t<\/div>\n\t\t<\/section>\n\t\t\t\t<section class=\"elementor-section elementor-top-section elementor-element elementor-element-65cfbf1 elementor-section-boxed elementor-section-height-default elementor-section-height-default\" data-id=\"65cfbf1\" data-element_type=\"section\">\n\t\t\t\t\t\t<div class=\"elementor-container elementor-column-gap-default\">\n\t\t\t\t\t<div class=\"elementor-column elementor-col-100 elementor-top-column elementor-element elementor-element-6fcf689\" data-id=\"6fcf689\" data-element_type=\"column\">\n\t\t\t<div class=\"elementor-widget-wrap elementor-element-populated\">\n\t\t\t\t\t\t<div class=\"elementor-element elementor-element-ded831a elementor-widget elementor-widget-text-editor\" data-id=\"ded831a\" data-element_type=\"widget\" data-widget_type=\"text-editor.default\">\n\t\t\t\t<div class=\"elementor-widget-container\">\n\t\t\t\t\t\t\t<p>Depuis 50 ans, Park\u2019N Fly a fait partie de vos voyages en vous aidant \u00e0 vous rendre et \u00e0 revenir de l\u2019a\u00e9roport avec facilit\u00e9 et tranquillit\u00e9 d\u2019esprit. Alors que nous concluons l\u2019ann\u00e9e marquante de notre 50e anniversaire, nous tenons \u00e0 vous remercier de nous avoir fait confiance pour vos besoins de stationnement pendant un demi-si\u00e8cle, en vous offrant deux chances de gagner!<\/p>\t\t\t\t\t\t<\/div>\n\t\t\t\t<\/div>\n\t\t\t\t\t<\/div>\n\t\t<\/div>\n\t\t\t\t\t<\/div>\n\t\t<\/section>\n\t\t\t\t<section class=\"elementor-section elementor-top-section elementor-element elementor-element-b73c546 elementor-section-boxed elementor-section-height-default elementor-section-height-default\" data-id=\"b73c546\" data-element_type=\"section\">\n\t\t\t\t\t\t<div class=\"elementor-container elementor-column-gap-default\">\n\t\t\t\t\t<div class=\"elementor-column elementor-col-100 elementor-top-column elementor-element elementor-element-8872150\" data-id=\"8872150\" data-element_type=\"column\">\n\t\t\t<div class=\"elementor-widget-wrap elementor-element-populated\">\n\t\t\t\t\t\t<div class=\"elementor-element elementor-element-92f0d0b elementor-widget elementor-widget-heading\" data-id=\"92f0d0b\" data-element_type=\"widget\" data-widget_type=\"heading.default\">\n\t\t\t\t<div class=\"elementor-widget-container\">\n\t\t\t<h3 class=\"elementor-heading-title elementor-size-default\">Stationnez et gagnez: Gagnez votre s\u00e9jour de stationnement<\/h3>\t\t<\/div>\n\t\t\t\t<\/div>\n\t\t\t\t<div class=\"elementor-element elementor-element-0805216 elementor-widget elementor-widget-text-editor\" data-id=\"0805216\" data-element_type=\"widget\" data-widget_type=\"text-editor.default\">\n\t\t\t\t<div class=\"elementor-widget-container\">\n\t\t\t\t\t\t\t<p>Du 15 septembre au 10 novembre, chaque jour un client chanceux remportera un s\u00e9jour de stationnement GRATUIT, qui lui sera remis au moment de payer. Consid\u00e9rez cela comme \u00e9tant notre fa\u00e7on de vous dire merci d\u2019avoir choisi Park\u2019 N Fly comme votre partenaire de confiance depuis 50 ans!<\/p>\t\t\t\t\t\t<\/div>\n\t\t\t\t<\/div>\n\t\t\t\t\t<\/div>\n\t\t<\/div>\n\t\t\t\t\t<\/div>\n\t\t<\/section>\n\t\t\t\t<section class=\"elementor-section elementor-top-section elementor-element elementor-element-1bd96c2 elementor-section-boxed elementor-section-height-default elementor-section-height-default\" data-id=\"1bd96c2\" data-element_type=\"section\">\n\t\t\t\t\t\t<div class=\"elementor-container elementor-column-gap-default\">\n\t\t\t\t\t<div class=\"elementor-column elementor-col-100 elementor-top-column elementor-element elementor-element-5abd792\" data-id=\"5abd792\" data-element_type=\"column\">\n\t\t\t<div class=\"elementor-widget-wrap elementor-element-populated\">\n\t\t\t\t\t\t<div class=\"elementor-element elementor-element-80648a1 elementor-widget elementor-widget-heading\" data-id=\"80648a1\" data-element_type=\"widget\" data-widget_type=\"heading.default\">\n\t\t\t\t<div class=\"elementor-widget-container\">\n\t\t\t<h3 class=\"elementor-heading-title elementor-size-default\">Participez pour gagner: 1 des 5 prix<\/h3>\t\t<\/div>\n\t\t\t\t<\/div>\n\t\t\t\t\t<\/div>\n\t\t<\/div>\n\t\t\t\t\t<\/div>\n\t\t<\/section>\n\t\t\t\t<section class=\"elementor-section elementor-top-section elementor-element elementor-element-17d98fb elementor-section-boxed elementor-section-height-default elementor-section-height-default\" data-id=\"17d98fb\" data-element_type=\"section\">\n\t\t\t\t\t\t<div class=\"elementor-container elementor-column-gap-default\">\n\t\t\t\t\t<div class=\"elementor-column elementor-col-100 elementor-top-column elementor-element elementor-element-dc1cff6\" data-id=\"dc1cff6\" data-element_type=\"column\">\n\t\t\t<div class=\"elementor-widget-wrap elementor-element-populated\">\n\t\t\t\t\t\t<div class=\"elementor-element elementor-element-baec93b elementor-widget elementor-widget-text-editor\" data-id=\"baec93b\" data-element_type=\"widget\" data-widget_type=\"text-editor.default\">\n\t\t\t\t<div class=\"elementor-widget-container\">\n\t\t\t\t\t\t\t<p>Participez pour courir la chance de gagner:<\/p><p>\u2022 <strong>100 000<\/strong> Points A\u00e9roplan\u00ae<br \/>\u2022 <strong>50 000<\/strong> Points A\u00e9roplan\u00ae <br \/>\u2022 <strong>1 200<\/strong> Points du programme Park\u2019N Fly Rewards <br \/>\u2022 Un coupon Park\u2019N Fly de <strong>8 jours<\/strong><br \/>\u2022 <strong>Adh\u00e9sion CAA Plus <\/strong><\/p>\t\t\t\t\t\t<\/div>\n\t\t\t\t<\/div>\n\t\t\t\t\t<\/div>\n\t\t<\/div>\n\t\t\t\t\t<\/div>\n\t\t<\/section>\n\t\t\t\t<section class=\"elementor-section elementor-top-section elementor-element elementor-element-9cc1030 elementor-section-boxed elementor-section-height-default elementor-section-height-default\" data-id=\"9cc1030\" data-element_type=\"section\">\n\t\t\t\t\t\t<div class=\"elementor-container elementor-column-gap-default\">\n\t\t\t\t\t<div class=\"elementor-column elementor-col-100 elementor-top-column elementor-element elementor-element-60ca685\" data-id=\"60ca685\" data-element_type=\"column\">\n\t\t\t<div class=\"elementor-widget-wrap elementor-element-populated\">\n\t\t\t\t\t\t<div class=\"elementor-element elementor-element-fd50806 elementor-widget__width-auto elementor-widget elementor-widget-button\" data-id=\"fd50806\" data-element_type=\"widget\" data-widget_type=\"button.default\">\n\t\t\t\t<div class=\"elementor-widget-container\">\n\t\t\t\t\t\t\t<div class=\"elementor-button-wrapper\">\n\t\t\t\t\t<a class=\"elementor-button elementor-button-link elementor-size-sm\" href=\"https:\/\/www.surveymonkey.com\/r\/NPMYSJ5\" target=\"_blank\">\n\t\t\t\t\t\t<span class=\"elementor-button-content-wrapper\">\n\t\t\t\t\t\t\t\t\t<span class=\"elementor-button-text\">Participez d\u00e8s aujourd\u2019hui!<\/span>\n\t\t\t\t\t<\/span>\n\t\t\t\t\t<\/a>\n\t\t\t\t<\/div>\n\t\t\t\t\t\t<\/div>\n\t\t\t\t<\/div>\n\t\t\t\t\t<\/div>\n\t\t<\/div>\n\t\t\t\t\t<\/div>\n\t\t<\/section>\n\t\t\t\t<section class=\"elementor-section elementor-top-section elementor-element elementor-element-0b156c7 elementor-section-boxed elementor-section-height-default elementor-section-height-default\" data-id=\"0b156c7\" data-element_type=\"section\">\n\t\t\t\t\t\t<div class=\"elementor-container elementor-column-gap-default\">\n\t\t\t\t\t<div class=\"elementor-column elementor-col-100 elementor-top-column elementor-element elementor-element-ce7f021\" data-id=\"ce7f021\" data-element_type=\"column\">\n\t\t\t<div class=\"elementor-widget-wrap elementor-element-populated\">\n\t\t\t\t\t\t<div class=\"elementor-element elementor-element-15f9aaf elementor-widget elementor-widget-text-editor\" data-id=\"15f9aaf\" data-element_type=\"widget\" data-widget_type=\"text-editor.default\">\n\t\t\t\t<div class=\"elementor-widget-container\">\n\t\t\t\t\t\t\t<p>Alors que nous cl\u00f4turons les c\u00e9l\u00e9brations de notre 50e anniversaire, nous sommes plus excit\u00e9s que jamais face \u00e0 l\u2019avenir. Gr\u00e2ce \u00e0 votre soutien continu, nous nous r\u00e9jouissons \u00e0 l&#8217;id\u00e9e de vous offrir, pour les 50 prochaines ann\u00e9es, un stationnement d\u2019a\u00e9roport pratique et sans tracas.<\/p>\t\t\t\t\t\t<\/div>\n\t\t\t\t<\/div>\n\t\t\t\t\t<\/div>\n\t\t<\/div>\n\t\t\t\t\t<\/div>\n\t\t<\/section>\n\t\t\t\t<section class=\"elementor-section elementor-top-section elementor-element elementor-element-d4676ab elementor-section-boxed elementor-section-height-default elementor-section-height-default\" data-id=\"d4676ab\" data-element_type=\"section\">\n\t\t\t\t\t\t<div class=\"elementor-container elementor-column-gap-default\">\n\t\t\t\t\t<div class=\"elementor-column elementor-col-100 elementor-top-column elementor-element elementor-element-8994a4d\" data-id=\"8994a4d\" data-element_type=\"column\">\n\t\t\t<div class=\"elementor-widget-wrap elementor-element-populated\">\n\t\t\t\t\t\t<div class=\"elementor-element elementor-element-eaea5bc elementor-widget elementor-widget-spacer\" data-id=\"eaea5bc\" data-element_type=\"widget\" data-widget_type=\"spacer.default\">\n\t\t\t\t<div class=\"elementor-widget-container\">\n\t\t\t\t\t<div class=\"elementor-spacer\">\n\t\t\t<div class=\"elementor-spacer-inner\"><\/div>\n\t\t<\/div>\n\t\t\t\t<\/div>\n\t\t\t\t<\/div>\n\t\t\t\t\t<\/div>\n\t\t<\/div>\n\t\t\t\t\t<\/div>\n\t\t<\/section>\n\t\t\t\t<section class=\"elementor-section elementor-top-section elementor-element elementor-element-08fbe44 elementor-section-boxed elementor-section-height-default elementor-section-height-default\" data-id=\"08fbe44\" data-element_type=\"section\">\n\t\t\t\t\t\t<div class=\"elementor-container elementor-column-gap-default\">\n\t\t\t\t\t<div class=\"elementor-column elementor-col-100 elementor-top-column elementor-element elementor-element-fdfa21f\" data-id=\"fdfa21f\" data-element_type=\"column\">\n\t\t\t<div class=\"elementor-widget-wrap\">\n\t\t\t\t\t\t\t<\/div>\n\t\t<\/div>\n\t\t\t\t\t<\/div>\n\t\t<\/section>\n\t\t\t\t<section class=\"elementor-section elementor-top-section elementor-element elementor-element-de72a8a elementor-section-boxed elementor-section-height-default elementor-section-height-default\" data-id=\"de72a8a\" data-element_type=\"section\">\n\t\t\t\t\t\t<div class=\"elementor-container elementor-column-gap-default\">\n\t\t\t\t\t<div class=\"elementor-column elementor-col-100 elementor-top-column elementor-element elementor-element-f77fc9e\" data-id=\"f77fc9e\" data-element_type=\"column\">\n\t\t\t<div class=\"elementor-widget-wrap elementor-element-populated\">\n\t\t\t\t\t\t<div class=\"elementor-element elementor-element-7f0501a elementor-widget-divider--view-line elementor-widget elementor-widget-divider\" data-id=\"7f0501a\" data-element_type=\"widget\" data-widget_type=\"divider.default\">\n\t\t\t\t<div class=\"elementor-widget-container\">\n\t\t\t\t\t<div class=\"elementor-divider\">\n\t\t\t<span class=\"elementor-divider-separator\">\n\t\t\t\t\t\t<\/span>\n\t\t<\/div>\n\t\t\t\t<\/div>\n\t\t\t\t<\/div>\n\t\t\t\t<div class=\"elementor-element elementor-element-41892a5 elementor-widget elementor-widget-image\" data-id=\"41892a5\" data-element_type=\"widget\" data-widget_type=\"image.default\">\n\t\t\t\t<div class=\"elementor-widget-container\">\n\t\t\t\t\t\t\t\t\t\t\t\t\t<img fetchpriority=\"high\" decoding=\"async\" width=\"1024\" height=\"96\" src=\"https:\/\/parknfly.ca\/wp-content\/uploads\/2025\/09\/logo-order_-FR-1024x96.png\" class=\"attachment-large size-large wp-image-25870\" alt=\"\" srcset=\"https:\/\/parknfly.ca\/wp-content\/uploads\/2025\/09\/logo-order_-FR-1024x96.png 1024w, https:\/\/parknfly.ca\/wp-content\/uploads\/2025\/09\/logo-order_-FR-300x28.png 300w, https:\/\/parknfly.ca\/wp-content\/uploads\/2025\/09\/logo-order_-FR-768x72.png 768w, https:\/\/parknfly.ca\/wp-content\/uploads\/2025\/09\/logo-order_-FR.png 1348w\" sizes=\"(max-width: 1024px) 100vw, 1024px\" \/>\t\t\t\t\t\t\t\t\t\t\t\t\t<\/div>\n\t\t\t\t<\/div>\n\t\t\t\t<div class=\"elementor-element elementor-element-509aa2f elementor-widget elementor-widget-text-editor\" data-id=\"509aa2f\" data-element_type=\"widget\" data-widget_type=\"text-editor.default\">\n\t\t\t\t<div class=\"elementor-widget-container\">\n\t\t\t\t\t\t\t<p>Aucun achat n\u00e9cessaire. Doit \u00eatre \u00e2g\u00e9 de 18 ans ou plus et r\u00e9sider au Canada \u00e0 la date du tirage. Le concours d\u00e9bute \u00e0 00 h 01 HE le 15 septembre 2025 et se termine \u00e0 23h59 HE le 10 novembre 2025. Stationnez et gagnez: Il y a 1 prix quotidien \u00e0 gagner \u00e0 l\u2019\u00e9chelle nationale chaque jour de la semaine pendant la p\u00e9riode du concours, avec un total de 37 prix disponibles \u00e0 gagner. Chaque prix consiste en un s\u00e9jour de stationnement gratuit chez Park\u2019N Fly jusqu\u2019\u00e0 30 jours cons\u00e9cutifs. Aucune participation requise. Les clients qui effectuent une transaction pendant la p\u00e9riode du concours ont une chance de gagner leur s\u00e9jour gratuitement au moment du paiement. Les chances de gagner d\u00e9pendent du nombre total de s\u00e9jours pay\u00e9s nationalement \u00e0 cette date de tirage donn\u00e9e. Des conditions s\u2019appliquent. Participer pour gagner : pour participer en ligne, visitez la page du concours \u00e0 www.parknfly.ca\/contestpage et remplissez le formulaire de participation pour recevoir une (1) participation par adresse courriel. Pour entrer par bulletin de vote postal, envoyez une enveloppe affranchie \u00e0 Park\u2019N Fly, 5905 Campus Road Mississauga ON L4V 1P9. Doit \u00eatre re\u00e7u avant le 4 novembre 2025 \u00e0 23h59 HE. Cinq (5) prix \u00e0 gagner consistant en : (i) 100 000 points A\u00e9roplan (valeur au d\u00e9tail approximative : 1 700 $); (ii) 50 000 points A\u00e9roplan (valeur au d\u00e9tail approximative : 850 $); (iii) 1 200 points Park\u2019N Fly Rewards (valeur au d\u00e9tail approximative : 374 $). Les points doivent \u00eatre cr\u00e9dit\u00e9s au compte du membre Park\u2019N Fly Rewards et les points doivent \u00eatre \u00e9chang\u00e9s au moment de la r\u00e9servation; (iv) un bon d\u2019achat de 8 jours Park\u2019N Fly \u00e9changeable \u00e0 l\u2019emplacement Park\u2019N Fly le plus pr\u00e8s de la r\u00e9sidence du gagnant (valeur au d\u00e9tail approximative : 160 $); (v) l\u2019adh\u00e9sion CAA Plus est valide pour 1 an. Les r\u00e9sidents du Qu\u00e9bec et de l\u2019Alberta ne sont pas admissibles \u00e0 l\u2019adh\u00e9sion CAA Plus (valeur au d\u00e9tail approximative : 146 $). Les prix sont sous r\u00e9serve de disponibilit\u00e9 et des dates d\u2019interdiction peuvent s\u2019appliquer. Les chances de gagner d\u00e9pendent du nombre de participations \u00e9ligibles re\u00e7ues. Une question d\u2019habilet\u00e9 est requise. Pour consulter le r\u00e8glement complet du concours, visitez <a href=\"https:\/\/www.parknfly.ca\/fr\/parkngagner-regles\/\">www.parknfly.ca\/parkngagner-regles<\/a>. Les marques de commerce CAA\u00ae sont la propri\u00e9t\u00e9 de l\u2019Association canadienne des automobilistes et leur utilisation est autoris\u00e9e par celle-ci. A\u00e9roplan\u00ae et le logo A\u00e9roplan sont des marques d\u00e9pos\u00e9es d\u2019A\u00e9roplan Inc. Park\u2019N Fly est une marque de commerce d\u00e9pos\u00e9e de Park\u2019N Fly Canada Inc.10<\/p>\t\t\t\t\t\t<\/div>\n\t\t\t\t<\/div>\n\t\t\t\t\t<\/div>\n\t\t<\/div>\n\t\t\t\t\t<\/div>\n\t\t<\/section>\n\t\t\t\t<section class=\"elementor-section elementor-top-section elementor-element elementor-element-a25f270 elementor-section-boxed elementor-section-height-default elementor-section-height-default\" data-id=\"a25f270\" data-element_type=\"section\">\n\t\t\t\t\t\t<div class=\"elementor-container elementor-column-gap-default\">\n\t\t\t\t\t<div class=\"elementor-column elementor-col-100 elementor-top-column elementor-element elementor-element-c32a3fc\" data-id=\"c32a3fc\" data-element_type=\"column\">\n\t\t\t<div class=\"elementor-widget-wrap\">\n\t\t\t\t\t\t\t<\/div>\n\t\t<\/div>\n\t\t\t\t\t<\/div>\n\t\t<\/section>\n\t\t\t\t<\/div>\n\t\t","protected":false},"excerpt":{"rendered":"<p>C\u00e9l\u00e9bration des 50 ans de Park\u2019N Fly avec 2 fa\u00e7ons de gagner! Depuis 50 ans, Park\u2019N Fly a fait partie de vos voyages en vous aidant \u00e0 vous rendre et \u00e0 revenir de l\u2019a\u00e9roport avec facilit\u00e9 et tranquillit\u00e9 d\u2019esprit. Alors que nous concluons l\u2019ann\u00e9e marquante de notre 50e anniversaire, nous tenons \u00e0 vous remercier de &hellip; <a href=\"https:\/\/parknfly.ca\/fr\/parkngagner\/\">Continuer<\/a><\/p>\n","protected":false},"author":29,"featured_media":0,"parent":0,"menu_order":0,"comment_status":"closed","ping_status":"closed","template":"","meta":{"_acf_changed":false,"_monsterinsights_skip_tracking":false,"_monsterinsights_sitenote_active":false,"_monsterinsights_sitenote_note":"","_monsterinsights_sitenote_category":0,"footnotes":""},"yst_prominent_words":[38],"class_list":["post-25846","page","type-page","status-publish","hentry"],"acf":[],"_links":{"self":[{"href":"https:\/\/parknfly.ca\/fr\/wp-json\/wp\/v2\/pages\/25846","targetHints":{"allow":["GET"]}}],"collection":[{"href":"https:\/\/parknfly.ca\/fr\/wp-json\/wp\/v2\/pages"}],"about":[{"href":"https:\/\/parknfly.ca\/fr\/wp-json\/wp\/v2\/types\/page"}],"author":[{"embeddable":true,"href":"https:\/\/parknfly.ca\/fr\/wp-json\/wp\/v2\/users\/29"}],"replies":[{"embeddable":true,"href":"https:\/\/parknfly.ca\/fr\/wp-json\/wp\/v2\/comments?post=25846"}],"version-history":[{"count":52,"href":"https:\/\/parknfly.ca\/fr\/wp-json\/wp\/v2\/pages\/25846\/revisions"}],"predecessor-version":[{"id":26053,"href":"https:\/\/parknfly.ca\/fr\/wp-json\/wp\/v2\/pages\/25846\/revisions\/26053"}],"wp:attachment":[{"href":"https:\/\/parknfly.ca\/fr\/wp-json\/wp\/v2\/media?parent=25846"}],"wp:term":[{"taxonomy":"yst_prominent_words","embeddable":true,"href":"https:\/\/parknfly.ca\/fr\/wp-json\/wp\/v2\/yst_prominent_words?post=25846"}],"curies":[{"name":"wp","href":"https:\/\/api.w.org\/{rel}","templated":true}]}}