{"id":23192,"date":"2024-10-15T12:01:57","date_gmt":"2024-10-15T12:01:57","guid":{"rendered":"https:\/\/admin.parknfly.ca\/lapho-toronto-copy\/"},"modified":"2024-10-16T14:05:34","modified_gmt":"2024-10-16T14:05:34","slug":"loi-sur-laccessibilite-de-la-colombie-britannique","status":"publish","type":"page","link":"https:\/\/parknfly.ca\/fr\/loi-sur-laccessibilite-de-la-colombie-britannique\/","title":{"rendered":"Loi sur l&#8217;accessibilit\u00e9 de la Colombie-Britannique"},"content":{"rendered":"\t\t<div data-elementor-type=\"wp-post\" data-elementor-id=\"23192\" class=\"elementor elementor-23192\" data-elementor-post-type=\"page\">\n\t\t\t\t\t\t<section class=\"elementor-section elementor-top-section elementor-element elementor-element-9a80f8b elementor-section-height-min-height elementor-section-items-top elementor-section-stretched elementor-section-boxed elementor-section-height-default\" data-id=\"9a80f8b\" data-element_type=\"section\" data-settings=\"{&quot;background_background&quot;:&quot;classic&quot;,&quot;stretch_section&quot;:&quot;section-stretched&quot;}\">\n\t\t\t\t\t\t\t<div class=\"elementor-background-overlay\"><\/div>\n\t\t\t\t\t\t\t<div class=\"elementor-container elementor-column-gap-default\">\n\t\t\t\t\t<div class=\"elementor-column elementor-col-100 elementor-top-column elementor-element elementor-element-2f9be07\" data-id=\"2f9be07\" data-element_type=\"column\">\n\t\t\t<div class=\"elementor-widget-wrap elementor-element-populated\">\n\t\t\t\t\t\t<section class=\"elementor-section elementor-inner-section elementor-element elementor-element-c06924e elementor-section-full_width elementor-section-content-top elementor-section-height-default elementor-section-height-default\" data-id=\"c06924e\" data-element_type=\"section\">\n\t\t\t\t\t\t<div class=\"elementor-container elementor-column-gap-default\">\n\t\t\t\t\t<div class=\"elementor-column elementor-col-100 elementor-inner-column elementor-element elementor-element-f4acb43\" data-id=\"f4acb43\" data-element_type=\"column\">\n\t\t\t<div class=\"elementor-widget-wrap elementor-element-populated\">\n\t\t\t\t\t\t<div class=\"elementor-element elementor-element-a33e1d2 elementor-widget elementor-widget-heading\" data-id=\"a33e1d2\" data-element_type=\"widget\" data-widget_type=\"heading.default\">\n\t\t\t\t<div class=\"elementor-widget-container\">\n\t\t\t<h1 class=\"elementor-heading-title elementor-size-default\">Loi sur l'accessibilit\u00e9 de la Colombie-Britannique<\/h1>\t\t<\/div>\n\t\t\t\t<\/div>\n\t\t\t\t\t<\/div>\n\t\t<\/div>\n\t\t\t\t\t<\/div>\n\t\t<\/section>\n\t\t\t\t\t<\/div>\n\t\t<\/div>\n\t\t\t\t\t<\/div>\n\t\t<\/section>\n\t\t\t\t<section class=\"elementor-section elementor-top-section elementor-element elementor-element-0dc16d0 elementor-section-boxed elementor-section-height-default elementor-section-height-default\" data-id=\"0dc16d0\" data-element_type=\"section\">\n\t\t\t\t\t\t<div class=\"elementor-container elementor-column-gap-default\">\n\t\t\t\t\t<div class=\"elementor-column elementor-col-100 elementor-top-column elementor-element elementor-element-11c0c8e\" data-id=\"11c0c8e\" data-element_type=\"column\">\n\t\t\t<div class=\"elementor-widget-wrap elementor-element-populated\">\n\t\t\t\t\t\t<section class=\"elementor-section elementor-inner-section elementor-element elementor-element-25a6687 elementor-section-boxed elementor-section-height-default elementor-section-height-default\" data-id=\"25a6687\" data-element_type=\"section\">\n\t\t\t\t\t\t<div class=\"elementor-container elementor-column-gap-default\">\n\t\t\t\t\t<div class=\"elementor-column elementor-col-50 elementor-inner-column elementor-element elementor-element-c26c77e\" data-id=\"c26c77e\" data-element_type=\"column\">\n\t\t\t<div class=\"elementor-widget-wrap elementor-element-populated\">\n\t\t\t\t\t\t<div class=\"elementor-element elementor-element-8bdebed elementor-widget elementor-widget-text-editor\" data-id=\"8bdebed\" data-element_type=\"widget\" data-widget_type=\"text-editor.default\">\n\t\t\t\t<div class=\"elementor-widget-container\">\n\t\t\t\t\t\t\t<h2>Politique<\/h2>\nPark&#8217;N Fly offrira aux personnes handicap\u00e9es les m\u00eames chances de profiter des avantages de notre service \u00e0 travers toutes nos communications et nos pratiques.\t\t\t\t\t\t<\/div>\n\t\t\t\t<\/div>\n\t\t\t\t\t<\/div>\n\t\t<\/div>\n\t\t\t\t<div class=\"elementor-column elementor-col-50 elementor-inner-column elementor-element elementor-element-801563c elementor-hidden-tablet elementor-hidden-phone\" data-id=\"801563c\" data-element_type=\"column\">\n\t\t\t<div class=\"elementor-widget-wrap\">\n\t\t\t\t\t\t\t<\/div>\n\t\t<\/div>\n\t\t\t\t\t<\/div>\n\t\t<\/section>\n\t\t\t\t\t<\/div>\n\t\t<\/div>\n\t\t\t\t\t<\/div>\n\t\t<\/section>\n\t\t\t\t<section class=\"elementor-section elementor-top-section elementor-element elementor-element-2338ad3 elementor-section-boxed elementor-section-height-default elementor-section-height-default\" data-id=\"2338ad3\" data-element_type=\"section\">\n\t\t\t\t\t\t<div class=\"elementor-container elementor-column-gap-default\">\n\t\t\t\t\t<div class=\"elementor-column elementor-col-100 elementor-top-column elementor-element elementor-element-06a5fb8\" data-id=\"06a5fb8\" data-element_type=\"column\">\n\t\t\t<div class=\"elementor-widget-wrap elementor-element-populated\">\n\t\t\t\t\t\t<section class=\"elementor-section elementor-inner-section elementor-element elementor-element-7a869eb elementor-section-boxed elementor-section-height-default elementor-section-height-default\" data-id=\"7a869eb\" data-element_type=\"section\">\n\t\t\t\t\t\t<div class=\"elementor-container elementor-column-gap-default\">\n\t\t\t\t\t<div class=\"elementor-column elementor-col-50 elementor-inner-column elementor-element elementor-element-7727841\" data-id=\"7727841\" data-element_type=\"column\">\n\t\t\t<div class=\"elementor-widget-wrap elementor-element-populated\">\n\t\t\t\t\t\t<div class=\"elementor-element elementor-element-234e705 elementor-widget elementor-widget-text-editor\" data-id=\"234e705\" data-element_type=\"widget\" data-widget_type=\"text-editor.default\">\n\t\t\t\t<div class=\"elementor-widget-container\">\n\t\t\t\t\t\t\t<h2>Emplacement<\/h2><p>Les services de stationnement requis par les personnes handicap\u00e9es seront fournis par notre service de valet du <span class=\"LrzXr\">6380 Rue Miller<\/span>.\u00a0<\/p>\t\t\t\t\t\t<\/div>\n\t\t\t\t<\/div>\n\t\t\t\t\t<\/div>\n\t\t<\/div>\n\t\t\t\t<div class=\"elementor-column elementor-col-50 elementor-inner-column elementor-element elementor-element-1a92be9 elementor-hidden-tablet elementor-hidden-phone\" data-id=\"1a92be9\" data-element_type=\"column\">\n\t\t\t<div class=\"elementor-widget-wrap\">\n\t\t\t\t\t\t\t<\/div>\n\t\t<\/div>\n\t\t\t\t\t<\/div>\n\t\t<\/section>\n\t\t\t\t\t<\/div>\n\t\t<\/div>\n\t\t\t\t\t<\/div>\n\t\t<\/section>\n\t\t\t\t<section class=\"elementor-section elementor-top-section elementor-element elementor-element-1ab33ee elementor-section-boxed elementor-section-height-default elementor-section-height-default\" data-id=\"1ab33ee\" data-element_type=\"section\">\n\t\t\t\t\t\t<div class=\"elementor-container elementor-column-gap-default\">\n\t\t\t\t\t<div class=\"elementor-column elementor-col-100 elementor-top-column elementor-element elementor-element-3b7e47b\" data-id=\"3b7e47b\" data-element_type=\"column\">\n\t\t\t<div class=\"elementor-widget-wrap elementor-element-populated\">\n\t\t\t\t\t\t<section class=\"elementor-section elementor-inner-section elementor-element elementor-element-c90aa7d elementor-section-boxed elementor-section-height-default elementor-section-height-default\" data-id=\"c90aa7d\" data-element_type=\"section\">\n\t\t\t\t\t\t<div class=\"elementor-container elementor-column-gap-default\">\n\t\t\t\t\t<div class=\"elementor-column elementor-col-50 elementor-inner-column elementor-element elementor-element-537ea74\" data-id=\"537ea74\" data-element_type=\"column\">\n\t\t\t<div class=\"elementor-widget-wrap elementor-element-populated\">\n\t\t\t\t\t\t<div class=\"elementor-element elementor-element-baa4864 elementor-widget elementor-widget-text-editor\" data-id=\"baa4864\" data-element_type=\"widget\" data-widget_type=\"text-editor.default\">\n\t\t\t\t<div class=\"elementor-widget-container\">\n\t\t\t\t\t\t\t<h2>Proc\u00e9dures<\/h2><p><strong>Article 1 : Les personnes avec des appareils fonctionnels (V\u00e9hicules contr\u00f4l\u00e9s par les mains, fauteuil roulant, etc.)<\/strong><\/p><p>Tous les v\u00e9hicules conduits par une personne handicap\u00e9e ou dans lesquels un passager est une personne handicap\u00e9e seront re\u00e7us par une personne pr\u00e9pos\u00e9e au service qui aidera \u00e0 l&#8217;enregistrement du v\u00e9hicule et donnera des explications sur la proc\u00e9dure apparaissant plus bas.<\/p><p>Une fois l&#8217;enregistrement du v\u00e9hicule termin\u00e9, la personne pr\u00e9pos\u00e9e au service accompagnera le client dans le v\u00e9hicule du client jusqu&#8217;au lieu de d\u00e9part appropri\u00e9 du terminal a\u00e9roportuaire. Une fois que le client sera bien descendu de son v\u00e9hicule et qu&#8217;il sera bien rendu dans le terminal a\u00e9roportuaire, la personne pr\u00e9pos\u00e9e au service retournera au stationnement avec le v\u00e9hicule du client.<\/p><p>Lors de son retour, le client contactera par t\u00e9l\u00e9phone le bureau du stationnement afin d&#8217;aviser de son retour la personne pr\u00e9pos\u00e9e au service. Le r\u00e9partiteur verra \u00e0 ce qu&#8217;une personne pr\u00e9pos\u00e9e au service se charge de conduire la voiture du client afin de ramasser le client au terminal a\u00e9roportuaire et de revenir au stationnement.<\/p><p>Une fois revenu au stationnement, le personnel de l&#8217;emplacement aidera le client \u00e0 finaliser le contrat et le paiement des frais de stationnement.<\/p>\t\t\t\t\t\t<\/div>\n\t\t\t\t<\/div>\n\t\t\t\t\t<\/div>\n\t\t<\/div>\n\t\t\t\t<div class=\"elementor-column elementor-col-50 elementor-inner-column elementor-element elementor-element-812680d elementor-hidden-tablet elementor-hidden-phone\" data-id=\"812680d\" data-element_type=\"column\">\n\t\t\t<div class=\"elementor-widget-wrap\">\n\t\t\t\t\t\t\t<\/div>\n\t\t<\/div>\n\t\t\t\t\t<\/div>\n\t\t<\/section>\n\t\t\t\t\t<\/div>\n\t\t<\/div>\n\t\t\t\t\t<\/div>\n\t\t<\/section>\n\t\t\t\t<section class=\"elementor-section elementor-top-section elementor-element elementor-element-b98f525 elementor-section-boxed elementor-section-height-default elementor-section-height-default\" data-id=\"b98f525\" data-element_type=\"section\">\n\t\t\t\t\t\t<div class=\"elementor-container elementor-column-gap-default\">\n\t\t\t\t\t<div class=\"elementor-column elementor-col-100 elementor-top-column elementor-element elementor-element-821a1d8\" data-id=\"821a1d8\" data-element_type=\"column\">\n\t\t\t<div class=\"elementor-widget-wrap elementor-element-populated\">\n\t\t\t\t\t\t<section class=\"elementor-section elementor-inner-section elementor-element elementor-element-942d555 elementor-section-boxed elementor-section-height-default elementor-section-height-default\" data-id=\"942d555\" data-element_type=\"section\">\n\t\t\t\t\t\t<div class=\"elementor-container elementor-column-gap-default\">\n\t\t\t\t\t<div class=\"elementor-column elementor-col-50 elementor-inner-column elementor-element elementor-element-60064ae\" data-id=\"60064ae\" data-element_type=\"column\">\n\t\t\t<div class=\"elementor-widget-wrap elementor-element-populated\">\n\t\t\t\t\t\t<div class=\"elementor-element elementor-element-644b4d2 elementor-widget elementor-widget-text-editor\" data-id=\"644b4d2\" data-element_type=\"widget\" data-widget_type=\"text-editor.default\">\n\t\t\t\t<div class=\"elementor-widget-container\">\n\t\t\t\t\t\t\t<p><strong>Article 2 : Les personnes avec des animaux fonctionnels, des r\u00e9servoirs d&#8217;oxyg\u00e8ne et\/ou des personnes de soutien<\/strong><\/p>\n<p>Tous les v\u00e9hicules conduits par une personne handicap\u00e9e ou dans lesquels un passager requiert un animal de soutien, un r\u00e9servoir d&#8217;oxyg\u00e8ne et\/ou une personne de soutien seront accommod\u00e9s de la fa\u00e7on indiqu\u00e9e plus haut ou selon nos proc\u00e9dures de stationnement habituelles. Le personnel aidera la personne handicap\u00e9e \u00e0 prendre place dans la navette avec son animal, son r\u00e9servoir d&#8217;oxyg\u00e8ne et\/ou la personne de soutien. Le conducteur de la navette aidera la personne handicap\u00e9e \u00e0 monter et \u00e0 descendre de la navette.<\/p>\t\t\t\t\t\t<\/div>\n\t\t\t\t<\/div>\n\t\t\t\t\t<\/div>\n\t\t<\/div>\n\t\t\t\t<div class=\"elementor-column elementor-col-50 elementor-inner-column elementor-element elementor-element-863df10 elementor-hidden-tablet elementor-hidden-phone\" data-id=\"863df10\" data-element_type=\"column\">\n\t\t\t<div class=\"elementor-widget-wrap\">\n\t\t\t\t\t\t\t<\/div>\n\t\t<\/div>\n\t\t\t\t\t<\/div>\n\t\t<\/section>\n\t\t\t\t\t<\/div>\n\t\t<\/div>\n\t\t\t\t\t<\/div>\n\t\t<\/section>\n\t\t\t\t<section class=\"elementor-section elementor-top-section elementor-element elementor-element-708b9e8 elementor-section-boxed elementor-section-height-default elementor-section-height-default\" data-id=\"708b9e8\" data-element_type=\"section\">\n\t\t\t\t\t\t<div class=\"elementor-container elementor-column-gap-default\">\n\t\t\t\t\t<div class=\"elementor-column elementor-col-100 elementor-top-column elementor-element elementor-element-9d4342a\" data-id=\"9d4342a\" data-element_type=\"column\">\n\t\t\t<div class=\"elementor-widget-wrap elementor-element-populated\">\n\t\t\t\t\t\t<section class=\"elementor-section elementor-inner-section elementor-element elementor-element-aa10b48 elementor-section-boxed elementor-section-height-default elementor-section-height-default\" data-id=\"aa10b48\" data-element_type=\"section\">\n\t\t\t\t\t\t<div class=\"elementor-container elementor-column-gap-default\">\n\t\t\t\t\t<div class=\"elementor-column elementor-col-50 elementor-inner-column elementor-element elementor-element-77b7e68\" data-id=\"77b7e68\" data-element_type=\"column\">\n\t\t\t<div class=\"elementor-widget-wrap elementor-element-populated\">\n\t\t\t\t\t\t<div class=\"elementor-element elementor-element-77bde55 elementor-widget elementor-widget-text-editor\" data-id=\"77bde55\" data-element_type=\"widget\" data-widget_type=\"text-editor.default\">\n\t\t\t\t<div class=\"elementor-widget-container\">\n\t\t\t\t\t\t\t<p><strong>Article 3 : Formation<\/strong><\/p><p>Tout le personnel recevra de la formation en accord avec lle r\u00e8glement DORS\/94-42 de la Loi sur les transports au Canada.<\/p><p><em>La formation inclura :<\/em><\/p><ul><li>Le but et les exigences de la Loi sur l&#8217;accessibilit\u00e9 pour les personnes handicap\u00e9es de l&#8217;Ontario et le r\u00e8glement DORS\/94-42<\/li><li>Les politiques et les proc\u00e9dures de la compagnie se rattachant aux dispositions de notre service aux personnes handicap\u00e9es<\/li><li>Comment interagir et communiquer avec les personnes ayant diff\u00e9rents types d&#8217;handicaps<\/li><li>Comment interagir avec les personnes handicap\u00e9es utilisant des appareils fonctionnels et\/ou requ\u00e9rant l&#8217;aide d&#8217;un animal de soutien ou d&#8217;une personne de soutien<\/li><\/ul>\t\t\t\t\t\t<\/div>\n\t\t\t\t<\/div>\n\t\t\t\t\t<\/div>\n\t\t<\/div>\n\t\t\t\t<div class=\"elementor-column elementor-col-50 elementor-inner-column elementor-element elementor-element-4fca9e9 elementor-hidden-tablet elementor-hidden-phone\" data-id=\"4fca9e9\" data-element_type=\"column\">\n\t\t\t<div class=\"elementor-widget-wrap\">\n\t\t\t\t\t\t\t<\/div>\n\t\t<\/div>\n\t\t\t\t\t<\/div>\n\t\t<\/section>\n\t\t\t\t\t<\/div>\n\t\t<\/div>\n\t\t\t\t\t<\/div>\n\t\t<\/section>\n\t\t\t\t<section class=\"elementor-section elementor-top-section elementor-element elementor-element-c42a5bd elementor-section-boxed elementor-section-height-default elementor-section-height-default\" data-id=\"c42a5bd\" data-element_type=\"section\">\n\t\t\t\t\t\t<div class=\"elementor-container elementor-column-gap-default\">\n\t\t\t\t\t<div class=\"elementor-column elementor-col-100 elementor-top-column elementor-element elementor-element-a888af8\" data-id=\"a888af8\" data-element_type=\"column\">\n\t\t\t<div class=\"elementor-widget-wrap elementor-element-populated\">\n\t\t\t\t\t\t<section class=\"elementor-section elementor-inner-section elementor-element elementor-element-0da87ec elementor-section-boxed elementor-section-height-default elementor-section-height-default\" data-id=\"0da87ec\" data-element_type=\"section\">\n\t\t\t\t\t\t<div class=\"elementor-container elementor-column-gap-default\">\n\t\t\t\t\t<div class=\"elementor-column elementor-col-50 elementor-inner-column elementor-element elementor-element-4a9abfd\" data-id=\"4a9abfd\" data-element_type=\"column\">\n\t\t\t<div class=\"elementor-widget-wrap elementor-element-populated\">\n\t\t\t\t\t\t<div class=\"elementor-element elementor-element-5154d02 elementor-widget elementor-widget-text-editor\" data-id=\"5154d02\" data-element_type=\"widget\" data-widget_type=\"text-editor.default\">\n\t\t\t\t<div class=\"elementor-widget-container\">\n\t\t\t\t\t\t\t<p><strong>Article 4 : Commentaires<\/strong><\/p>\n<p>Nous sommes heureux de recevoir les commentaires visant les services ayant \u00e9t\u00e9 offerts aux personnes handicap\u00e9es; nous enqu\u00eaterons et r\u00e9pondrons de fa\u00e7on opportune, minutieuse et objective \u00e0 toutes les plaintes reli\u00e9es \u00e0 de tels services.<\/p>\n<p>Les commentaires et les questions peuvent \u00eatre communiqu\u00e9s au <strong>1 (604) 270-9476<\/strong> ou par courriel \u00e0 <a href=\"mailto:vancouver@parknfly.ca\">vancouver@parknfly.ca<\/a><\/p>\n<p>Cette politique est sujette \u00e0 \u00eatre r\u00e9vis\u00e9e annuellement, mais peut \u00eatre modifi\u00e9e ou chang\u00e9e \u00e0 tout moment apr\u00e8s avoir \u00e9t\u00e9 r\u00e9vis\u00e9e par le Comit\u00e9 des Politiques et des Proc\u00e9dures et par la haute direction de la compagnie.<\/p>\t\t\t\t\t\t<\/div>\n\t\t\t\t<\/div>\n\t\t\t\t\t<\/div>\n\t\t<\/div>\n\t\t\t\t<div class=\"elementor-column elementor-col-50 elementor-inner-column elementor-element elementor-element-5f02b68 elementor-hidden-tablet elementor-hidden-phone\" data-id=\"5f02b68\" data-element_type=\"column\">\n\t\t\t<div class=\"elementor-widget-wrap\">\n\t\t\t\t\t\t\t<\/div>\n\t\t<\/div>\n\t\t\t\t\t<\/div>\n\t\t<\/section>\n\t\t\t\t\t<\/div>\n\t\t<\/div>\n\t\t\t\t\t<\/div>\n\t\t<\/section>\n\t\t\t\t<\/div>\n\t\t","protected":false},"excerpt":{"rendered":"<p>Loi sur l&#8217;accessibilit\u00e9 de la Colombie-Britannique Politique Park&#8217;N Fly offrira aux personnes handicap\u00e9es les m\u00eames chances de profiter des avantages de notre service \u00e0 travers toutes nos communications et nos pratiques. Emplacement Les services de stationnement requis par les personnes handicap\u00e9es seront fournis par notre service de valet du 6380 Rue Miller. Proc\u00e9dures Article 1 &hellip; <a href=\"https:\/\/parknfly.ca\/fr\/loi-sur-laccessibilite-de-la-colombie-britannique\/\">Continuer<\/a><\/p>\n","protected":false},"author":10,"featured_media":0,"parent":0,"menu_order":0,"comment_status":"closed","ping_status":"closed","template":"","meta":{"_acf_changed":false,"_monsterinsights_skip_tracking":false,"_monsterinsights_sitenote_active":false,"_monsterinsights_sitenote_note":"","_monsterinsights_sitenote_category":0,"footnotes":""},"yst_prominent_words":[3928,3894,2955,3921,3886,3851,3866,3831,3844,3901,3915,3852,3823,3858,3865,3824,3908,3873,3837],"class_list":["post-23192","page","type-page","status-publish","hentry"],"acf":[],"_links":{"self":[{"href":"https:\/\/parknfly.ca\/fr\/wp-json\/wp\/v2\/pages\/23192","targetHints":{"allow":["GET"]}}],"collection":[{"href":"https:\/\/parknfly.ca\/fr\/wp-json\/wp\/v2\/pages"}],"about":[{"href":"https:\/\/parknfly.ca\/fr\/wp-json\/wp\/v2\/types\/page"}],"author":[{"embeddable":true,"href":"https:\/\/parknfly.ca\/fr\/wp-json\/wp\/v2\/users\/10"}],"replies":[{"embeddable":true,"href":"https:\/\/parknfly.ca\/fr\/wp-json\/wp\/v2\/comments?post=23192"}],"version-history":[{"count":28,"href":"https:\/\/parknfly.ca\/fr\/wp-json\/wp\/v2\/pages\/23192\/revisions"}],"predecessor-version":[{"id":23286,"href":"https:\/\/parknfly.ca\/fr\/wp-json\/wp\/v2\/pages\/23192\/revisions\/23286"}],"wp:attachment":[{"href":"https:\/\/parknfly.ca\/fr\/wp-json\/wp\/v2\/media?parent=23192"}],"wp:term":[{"taxonomy":"yst_prominent_words","embeddable":true,"href":"https:\/\/parknfly.ca\/fr\/wp-json\/wp\/v2\/yst_prominent_words?post=23192"}],"curies":[{"name":"wp","href":"https:\/\/api.w.org\/{rel}","templated":true}]}}