{"id":18246,"date":"2022-10-24T13:57:16","date_gmt":"2022-10-24T13:57:16","guid":{"rendered":"https:\/\/admin.parknfly.ca\/tadiscount-copy\/"},"modified":"2025-03-18T19:26:40","modified_gmt":"2025-03-18T19:26:40","slug":"rabais_agent_voyages","status":"publish","type":"page","link":"https:\/\/parknfly.ca\/fr\/rabais_agent_voyages\/","title":{"rendered":"Travel Agent Discount (FR)"},"content":{"rendered":"\t\t<div data-elementor-type=\"wp-page\" data-elementor-id=\"18246\" class=\"elementor elementor-18246 elementor-18226\" data-elementor-post-type=\"page\">\n\t\t\t\t\t\t<section class=\"elementor-section elementor-top-section elementor-element elementor-element-654a8d5 elementor-section-height-min-height elementor-section-items-bottom sub-banner elementor-section-boxed elementor-section-height-default\" data-id=\"654a8d5\" data-element_type=\"section\" data-settings=\"{&quot;background_background&quot;:&quot;classic&quot;}\">\n\t\t\t\t\t\t\t<div class=\"elementor-background-overlay\"><\/div>\n\t\t\t\t\t\t\t<div class=\"elementor-container elementor-column-gap-default\">\n\t\t\t\t\t<div class=\"elementor-column elementor-col-50 elementor-top-column elementor-element elementor-element-e6ce804\" data-id=\"e6ce804\" data-element_type=\"column\">\n\t\t\t<div class=\"elementor-widget-wrap elementor-element-populated\">\n\t\t\t\t\t\t<div class=\"elementor-element elementor-element-5157885 elementor-widget elementor-widget-heading\" data-id=\"5157885\" data-element_type=\"widget\" data-widget_type=\"heading.default\">\n\t\t\t\t<div class=\"elementor-widget-container\">\n\t\t\t<h1 class=\"elementor-heading-title elementor-size-default\">Vous \u00eates \u00e0 la recherche de votre rabais d\u2019agent de voyages?<br><br><br><br><\/h1>\t\t<\/div>\n\t\t\t\t<\/div>\n\t\t\t\t\t<\/div>\n\t\t<\/div>\n\t\t\t\t<div class=\"elementor-column elementor-col-50 elementor-top-column elementor-element elementor-element-56acdac\" data-id=\"56acdac\" data-element_type=\"column\">\n\t\t\t<div class=\"elementor-widget-wrap elementor-element-populated\">\n\t\t\t\t\t\t<section class=\"elementor-section elementor-inner-section elementor-element elementor-element-8d8cc48 elementor-section-full_width elementor-section-content-top elementor-section-height-default elementor-section-height-default\" data-id=\"8d8cc48\" data-element_type=\"section\">\n\t\t\t\t\t\t<div class=\"elementor-container elementor-column-gap-default\">\n\t\t\t\t\t<div class=\"elementor-column elementor-col-50 elementor-inner-column elementor-element elementor-element-7ef4a14\" data-id=\"7ef4a14\" data-element_type=\"column\">\n\t\t\t<div class=\"elementor-widget-wrap\">\n\t\t\t\t\t\t\t<\/div>\n\t\t<\/div>\n\t\t\t\t<div class=\"elementor-column elementor-col-50 elementor-inner-column elementor-element elementor-element-fc7a746\" data-id=\"fc7a746\" data-element_type=\"column\">\n\t\t\t<div class=\"elementor-widget-wrap\">\n\t\t\t\t\t\t\t<\/div>\n\t\t<\/div>\n\t\t\t\t\t<\/div>\n\t\t<\/section>\n\t\t\t\t<section class=\"elementor-section elementor-inner-section elementor-element elementor-element-9a2a13a elementor-section-full_width elementor-section-content-top elementor-section-height-default elementor-section-height-default\" data-id=\"9a2a13a\" data-element_type=\"section\">\n\t\t\t\t\t\t<div class=\"elementor-container elementor-column-gap-default\">\n\t\t\t\t\t<div class=\"elementor-column elementor-col-50 elementor-inner-column elementor-element elementor-element-04a754c\" data-id=\"04a754c\" data-element_type=\"column\">\n\t\t\t<div class=\"elementor-widget-wrap elementor-element-populated\">\n\t\t\t\t\t\t\t<\/div>\n\t\t<\/div>\n\t\t\t\t<div class=\"elementor-column elementor-col-50 elementor-inner-column elementor-element elementor-element-e7f3a6b elementor-hidden-tablet elementor-hidden-phone\" data-id=\"e7f3a6b\" data-element_type=\"column\">\n\t\t\t<div class=\"elementor-widget-wrap\">\n\t\t\t\t\t\t\t<\/div>\n\t\t<\/div>\n\t\t\t\t\t<\/div>\n\t\t<\/section>\n\t\t\t\t\t<\/div>\n\t\t<\/div>\n\t\t\t\t\t<\/div>\n\t\t<\/section>\n\t\t\t\t<section class=\"elementor-section elementor-top-section elementor-element elementor-element-1b103b1 elementor-section-boxed elementor-section-height-default elementor-section-height-default\" data-id=\"1b103b1\" data-element_type=\"section\">\n\t\t\t\t\t\t<div class=\"elementor-container elementor-column-gap-default\">\n\t\t\t\t\t<div class=\"elementor-column elementor-col-100 elementor-top-column elementor-element elementor-element-819fdc1\" data-id=\"819fdc1\" data-element_type=\"column\">\n\t\t\t<div class=\"elementor-widget-wrap elementor-element-populated\">\n\t\t\t\t\t\t<div class=\"elementor-element elementor-element-be11d97 elementor-widget elementor-widget-spacer\" data-id=\"be11d97\" data-element_type=\"widget\" data-widget_type=\"spacer.default\">\n\t\t\t\t<div class=\"elementor-widget-container\">\n\t\t\t\t\t<div class=\"elementor-spacer\">\n\t\t\t<div class=\"elementor-spacer-inner\"><\/div>\n\t\t<\/div>\n\t\t\t\t<\/div>\n\t\t\t\t<\/div>\n\t\t\t\t\t<\/div>\n\t\t<\/div>\n\t\t\t\t\t<\/div>\n\t\t<\/section>\n\t\t\t\t<section class=\"elementor-section elementor-top-section elementor-element elementor-element-dafed0b elementor-section-boxed elementor-section-height-default elementor-section-height-default\" data-id=\"dafed0b\" data-element_type=\"section\">\n\t\t\t\t\t\t<div class=\"elementor-container elementor-column-gap-no\">\n\t\t\t\t\t<div class=\"elementor-column elementor-col-100 elementor-top-column elementor-element elementor-element-66135e8\" data-id=\"66135e8\" data-element_type=\"column\">\n\t\t\t<div class=\"elementor-widget-wrap elementor-element-populated\">\n\t\t\t\t\t\t<div class=\"elementor-element elementor-element-c223a43 elementor-widget elementor-widget-text-editor\" data-id=\"c223a43\" data-element_type=\"widget\" data-widget_type=\"text-editor.default\">\n\t\t\t\t<div class=\"elementor-widget-container\">\n\t\t\t\t\t\t\t<h2>Rabais pour les agents de voyages<\/h2>\t\t\t\t\t\t<\/div>\n\t\t\t\t<\/div>\n\t\t\t\t\t<\/div>\n\t\t<\/div>\n\t\t\t\t\t<\/div>\n\t\t<\/section>\n\t\t\t\t<section class=\"elementor-section elementor-top-section elementor-element elementor-element-d13beb7 elementor-section-boxed elementor-section-height-default elementor-section-height-default\" data-id=\"d13beb7\" data-element_type=\"section\">\n\t\t\t\t\t\t<div class=\"elementor-container elementor-column-gap-no\">\n\t\t\t\t\t<div class=\"elementor-column elementor-col-100 elementor-top-column elementor-element elementor-element-439e540\" data-id=\"439e540\" data-element_type=\"column\">\n\t\t\t<div class=\"elementor-widget-wrap elementor-element-populated\">\n\t\t\t\t\t\t<div class=\"elementor-element elementor-element-d9e488b elementor-widget elementor-widget-text-editor\" data-id=\"d9e488b\" data-element_type=\"widget\" data-widget_type=\"text-editor.default\">\n\t\t\t\t<div class=\"elementor-widget-container\">\n\t\t\t\t\t\t\t<p><strong>Montr\u00e9al, Ottawa, Toronto, Winnipeg, Edmonton, Vancouver<\/strong><\/p><p>Park\u2019N Fly a le plaisir d\u2019offrir \u00e0 tous nos partenariats d\u2019agence de voyages un rabais de 50% sur le prix de base (r\u00e9gulier), tarifs dans tous nos emplacements du pays, de Montr\u00e9al \u00e0 Vancouver.\u00a0<\/p><p>(Pour les tarifs agent de voyages \u00e0\u00a0<em>Halifax, r\u00e9f\u00e9rez-vous au bas de cette page).<\/em><\/p><p>Pour les tarifs d\u2019agents de voyages aux emplacements indiqu\u00e9s ci-dessous, de Montr\u00e9al \u00e0 Vancouver, veuillez r\u00e9server en ligne avec votre code promo de l\u2019agence que vous utilisez pour r\u00e9server vos clients, ou sinon passer par le portail d\u2019agent de voyages dont le code est d\u00e9j\u00e0 enregistr\u00e9\u00a0 (notez que les r\u00e9servations ne sont pas requises dans ce cas pour Edmonton seulement).<\/p><p>Au moment du check out, assurez-vous de suivre les \u00e9tapes suivantes pour que votre tarif soit ajust\u00e9:<\/p><ol><li><strong>Obligatoire<\/strong>\u00a0\u2013\u00a0 Carte ACTA, CLIA ou IATA valide \u00a0(Au Qu\u00e9bec une carte de l\u2019OPC est aussi accept\u00e9e)<\/li><\/ol><ul><li>Si l\u2019un des documents mentionn\u00e9s sont expir\u00e9s, nous accepterons une lettre de l\u2019employeur qu\u2019indique que vous \u00eates toujours \u00e0 l\u2019emploi<\/li><\/ul><ol><li><strong>Obligatoire<\/strong>\u00a0\u2013 Une carte d\u2019identit\u00e9 avec photo de la personne ci-dessus.\u00a0<\/li><\/ol><p>Les tarifs rabais de 50% sont disponibles aux emplacements suivants:<\/p><p>YUL Valet, YOW Libre-service, YYZ Valet, YWG Valet, YEG libre-service, YVR Valet (c\u2019est essentiel que l\u2019agent soit pr\u00e9sent au moment du check out).<\/p><p>Le rabais n\u2019est PAS DISPONIBLE au YUL Express A\/B ou YYZ libre-service A\/B ou \u00c9conomie, ou YWG libre-service (aucun employ\u00e9 sur place aux kiosques du paiement pratique).<\/p><p><em>Notez bien: Il est toujours pr\u00e9f\u00e9rable de comparer le rabais de 50% avec celui du client qui est disponible en ligne avec le code promo de l\u2019agence (ou d\u2019utiliser le code promo du coupon), pour s\u2019assurer de recevoir le meilleur tarif pour votre voyage.<\/em><\/p>\t\t\t\t\t\t<\/div>\n\t\t\t\t<\/div>\n\t\t\t\t\t<\/div>\n\t\t<\/div>\n\t\t\t\t\t<\/div>\n\t\t<\/section>\n\t\t\t\t<section class=\"elementor-section elementor-top-section elementor-element elementor-element-55b068a elementor-section-boxed elementor-section-height-default elementor-section-height-default\" data-id=\"55b068a\" data-element_type=\"section\">\n\t\t\t\t\t\t<div class=\"elementor-container elementor-column-gap-default\">\n\t\t\t\t\t<div class=\"elementor-column elementor-col-100 elementor-top-column elementor-element elementor-element-7575810\" data-id=\"7575810\" data-element_type=\"column\">\n\t\t\t<div class=\"elementor-widget-wrap elementor-element-populated\">\n\t\t\t\t\t\t<div class=\"elementor-element elementor-element-719d954 elementor-widget elementor-widget-text-editor\" data-id=\"719d954\" data-element_type=\"widget\" data-widget_type=\"text-editor.default\">\n\t\t\t\t<div class=\"elementor-widget-container\">\n\t\t\t\t\t\t\t<p>Veuillez noter que cette r\u00e9duction sur le tarif agent n&#8217;est pas cumulable avec toute autre forme de rabais (y compris les bons pour une journ\u00e9e gratuite). Ce tarif ne rapporte pas non plus de points R\u00e9compenses ou de points A\u00e9roplan.<\/p>\t\t\t\t\t\t<\/div>\n\t\t\t\t<\/div>\n\t\t\t\t\t<\/div>\n\t\t<\/div>\n\t\t\t\t\t<\/div>\n\t\t<\/section>\n\t\t\t\t<section class=\"elementor-section elementor-top-section elementor-element elementor-element-6c4c63c elementor-section-boxed elementor-section-height-default elementor-section-height-default\" data-id=\"6c4c63c\" data-element_type=\"section\">\n\t\t\t\t\t\t<div class=\"elementor-container elementor-column-gap-default\">\n\t\t\t\t\t<div class=\"elementor-column elementor-col-100 elementor-top-column elementor-element elementor-element-409ec22\" data-id=\"409ec22\" data-element_type=\"column\">\n\t\t\t<div class=\"elementor-widget-wrap elementor-element-populated\">\n\t\t\t\t\t\t<div class=\"elementor-element elementor-element-4d72f15 elementor-widget elementor-widget-text-editor\" data-id=\"4d72f15\" data-element_type=\"widget\" data-widget_type=\"text-editor.default\">\n\t\t\t\t<div class=\"elementor-widget-container\">\n\t\t\t\t\t\t\t<p><strong>Halifax<\/strong><\/p><p>Park\u2019N Fly a le plaisir d\u2019offrir \u00e0 tous nos partenariats d\u2019agence de voyages un rabais de 25% sur le prix de base (r\u00e9gulier) Tarifs pour Halifax.<\/p><p>Pour l\u2019Halifax, aucune r\u00e9servation est requise \u00e0 l\u2019avance si vous qualifiez comme agent de voyage tel qu\u2019indiqu\u00e9 ci-dessous.<\/p><p>Au moment du paiement, veuillez pr\u00e9senter votre carte ACTA, IATA ou CLIA ainsi que votre carte professionnelle comportant votre nom et les coordonn\u00e9es de votre agence au caissier au guichet au moment de la prise en charge.<\/p><p><em>Notez bien: Ce rabais pour agent ne donne pas droit \u00e0 l\u2019accumulation de points A\u00e9roplan\u00ae. Il est toujours pr\u00e9f\u00e9rable de comparer ce tarif AD50 aux rabais offerts aux consommateurs en utilisant les tarifs de votre agence sur le portail agent de notre site web (ou en utilisant le code de r\u00e9duction de votre agence pour vos clients sur notre site public), afin de vous assurer d\u2019obtenir le meilleur prix lorsque vous voyagez. L\u2019application Park\u2019N Fly et le programme de r\u00e9compenses Park\u2019N Fly ne sont pas disponibles \u00e0 Halifax.<br \/><\/em><\/p>\t\t\t\t\t\t<\/div>\n\t\t\t\t<\/div>\n\t\t\t\t\t<\/div>\n\t\t<\/div>\n\t\t\t\t\t<\/div>\n\t\t<\/section>\n\t\t\t\t<section class=\"elementor-section elementor-top-section elementor-element elementor-element-74344ee elementor-section-boxed elementor-section-height-default elementor-section-height-default\" data-id=\"74344ee\" data-element_type=\"section\">\n\t\t\t\t\t\t<div class=\"elementor-container elementor-column-gap-default\">\n\t\t\t\t\t<div class=\"elementor-column elementor-col-100 elementor-top-column elementor-element elementor-element-ed3b526\" data-id=\"ed3b526\" data-element_type=\"column\">\n\t\t\t<div class=\"elementor-widget-wrap elementor-element-populated\">\n\t\t\t\t\t\t<div class=\"elementor-element elementor-element-dd140a7 elementor-widget elementor-widget-text-editor\" data-id=\"dd140a7\" data-element_type=\"widget\" data-widget_type=\"text-editor.default\">\n\t\t\t\t<div class=\"elementor-widget-container\">\n\t\t\t\t\t\t\t<p>Des questions, veuillez contacter<a href=\"mailto:tasupport@parknfly.ca\"> tasupport@parknfly.ca<\/a>.<\/p>\t\t\t\t\t\t<\/div>\n\t\t\t\t<\/div>\n\t\t\t\t\t<\/div>\n\t\t<\/div>\n\t\t\t\t\t<\/div>\n\t\t<\/section>\n\t\t\t\t<\/div>\n\t\t","protected":false},"excerpt":{"rendered":"<p>Vous \u00eates \u00e0 la recherche de votre rabais d\u2019agent de voyages? Rabais pour les agents de voyages Montr\u00e9al, Ottawa, Toronto, Winnipeg, Edmonton, Vancouver Park\u2019N Fly a le plaisir d\u2019offrir \u00e0 tous nos partenariats d\u2019agence de voyages un rabais de 50% sur le prix de base (r\u00e9gulier), tarifs dans tous nos emplacements du pays, de Montr\u00e9al &hellip; <a href=\"https:\/\/parknfly.ca\/fr\/rabais_agent_voyages\/\">Continuer<\/a><\/p>\n","protected":false},"author":10,"featured_media":0,"parent":0,"menu_order":0,"comment_status":"closed","ping_status":"closed","template":"","meta":{"_acf_changed":false,"_monsterinsights_skip_tracking":false,"_monsterinsights_sitenote_active":false,"_monsterinsights_sitenote_note":"","_monsterinsights_sitenote_category":0,"footnotes":""},"yst_prominent_words":[1913],"class_list":["post-18246","page","type-page","status-publish","hentry"],"acf":[],"_links":{"self":[{"href":"https:\/\/parknfly.ca\/fr\/wp-json\/wp\/v2\/pages\/18246","targetHints":{"allow":["GET"]}}],"collection":[{"href":"https:\/\/parknfly.ca\/fr\/wp-json\/wp\/v2\/pages"}],"about":[{"href":"https:\/\/parknfly.ca\/fr\/wp-json\/wp\/v2\/types\/page"}],"author":[{"embeddable":true,"href":"https:\/\/parknfly.ca\/fr\/wp-json\/wp\/v2\/users\/10"}],"replies":[{"embeddable":true,"href":"https:\/\/parknfly.ca\/fr\/wp-json\/wp\/v2\/comments?post=18246"}],"version-history":[{"count":70,"href":"https:\/\/parknfly.ca\/fr\/wp-json\/wp\/v2\/pages\/18246\/revisions"}],"predecessor-version":[{"id":24400,"href":"https:\/\/parknfly.ca\/fr\/wp-json\/wp\/v2\/pages\/18246\/revisions\/24400"}],"wp:attachment":[{"href":"https:\/\/parknfly.ca\/fr\/wp-json\/wp\/v2\/media?parent=18246"}],"wp:term":[{"taxonomy":"yst_prominent_words","embeddable":true,"href":"https:\/\/parknfly.ca\/fr\/wp-json\/wp\/v2\/yst_prominent_words?post=18246"}],"curies":[{"name":"wp","href":"https:\/\/api.w.org\/{rel}","templated":true}]}}